{"id":14223,"date":"2021-10-06T12:24:40","date_gmt":"2021-10-06T12:24:40","guid":{"rendered":"https:\/\/steklarna-rogaska.si\/?post_type=product&#038;p=14223"},"modified":"2026-05-04T06:26:15","modified_gmt":"2026-05-04T06:26:15","slug":"windsor-kozarec-za-vodo-rdece-vino-set-2","status":"publish","type":"product","link":"https:\/\/steklarna-rogaska.si\/it\/product\/windsor-kozarec-za-vodo-rdece-vino-set-2\/","title":{"rendered":"KOZAREC ZA RDE\u010cE VINO &#8211; WINDSOR &#8211; set 2 kos"},"content":{"rendered":"<p>vi\u0161ina=159 mm \u0161irina=88 mm te\u017ea= 0,35 kg<\/p>\n","protected":false},"excerpt":{"rendered":"<p>vi\u0161ina=159 mm \u0161irina=88 mm te\u017ea= 0,35 kg<\/p>\n","protected":false},"featured_media":14189,"comment_status":"open","ping_status":"open","template":"","meta":[],"product_brand":[],"product_cat":[916,921,919,996,924,932,925,933,284,910,446],"product_tag":[442,971,1022,463,467],"class_list":{"0":"post-14223","1":"product","2":"type-product","3":"status-publish","4":"has-post-thumbnail","6":"product_cat-darilni-program-2","7":"product_cat-darila-zanjo","8":"product_cat-poslovna-darila","9":"product_cat-praznicna-ponudba","10":"product_cat-kozarci-2","11":"product_cat-kozarci-za-sok","12":"product_cat-kozarci-za-vino-2","13":"product_cat-kozarci-za-vodo-2","14":"product_cat-vinski-program-default-group","15":"product_cat-kozarci-za-vino","16":"product_cat-kozarci-za-vodo","17":"product_tag-praznicna-darila","18":"product_tag-vinski-kelih","19":"product_tag-windsor","20":"product_tag-za-vino","21":"product_tag-za-vodo","23":"first","24":"instock","25":"shipping-taxable","26":"purchasable","27":"product-type-simple"},"_links":{"self":[{"href":"https:\/\/steklarna-rogaska.si\/it\/wp-json\/wp\/v2\/product\/14223","targetHints":{"allow":["GET"]}}],"collection":[{"href":"https:\/\/steklarna-rogaska.si\/it\/wp-json\/wp\/v2\/product"}],"about":[{"href":"https:\/\/steklarna-rogaska.si\/it\/wp-json\/wp\/v2\/types\/product"}],"replies":[{"embeddable":true,"href":"https:\/\/steklarna-rogaska.si\/it\/wp-json\/wp\/v2\/comments?post=14223"}],"wp:featuredmedia":[{"embeddable":true,"href":"https:\/\/steklarna-rogaska.si\/it\/wp-json\/wp\/v2\/media\/14189"}],"wp:attachment":[{"href":"https:\/\/steklarna-rogaska.si\/it\/wp-json\/wp\/v2\/media?parent=14223"}],"wp:term":[{"taxonomy":"product_brand","embeddable":true,"href":"https:\/\/steklarna-rogaska.si\/it\/wp-json\/wp\/v2\/product_brand?post=14223"},{"taxonomy":"product_cat","embeddable":true,"href":"https:\/\/steklarna-rogaska.si\/it\/wp-json\/wp\/v2\/product_cat?post=14223"},{"taxonomy":"product_tag","embeddable":true,"href":"https:\/\/steklarna-rogaska.si\/it\/wp-json\/wp\/v2\/product_tag?post=14223"}],"curies":[{"name":"wp","href":"https:\/\/api.w.org\/{rel}","templated":true}]}}