{"id":13134,"date":"2021-05-18T10:44:23","date_gmt":"2021-05-18T10:44:23","guid":{"rendered":"https:\/\/steklarna-rogaska.si\/?post_type=product&#038;p=13134"},"modified":"2026-04-14T05:23:49","modified_gmt":"2026-04-14T05:23:49","slug":"monaco-kozarec-blue-modra-set-6","status":"publish","type":"product","link":"https:\/\/steklarna-rogaska.si\/it\/product\/monaco-kozarec-blue-modra-set-6\/","title":{"rendered":"KOZAREC ZA VODO\/SOK\/ KOKTEJL MODRA &#8211; MONACO BLUE &#8211; set 6 kos"},"content":{"rendered":"<p>v: 100 mm<\/p>\n<p>\u00d8: 82 mm<\/p>\n","protected":false},"excerpt":{"rendered":"<p>Osredoto\u010dite se na tisto, kar je pomembno &#8211; \u00a0preprostost, vsestransko uporabnost in eleganco.<\/p>\n<p>Kolekcija MONACO, ki \u010drpa navdih iz minimalisti\u010dnega oblikovanja \u0161estdesetih let, ponuja sve\u017eo interpretacijo tradicionalnih tehnik oblikovanja stekla. Pastelni odtenki dodajo igriv, a miren pridih, ki se bo ujemal z vsakim osebnim slogom in interierom.<\/p>\n<p>Cilindri\u010dna oblika z ne\u017eno zaobljenim dnom je tako vsestranska, da v svoji zbirki komajda \u0161e potrebujete druge kozarce &#8211; uporabite linijo Monaco za serviranje vode, \u017eganih pija\u010d, smutijev, koktajlov in celo vina. Tako se lahko izognete natrpanim omaram, vsi pogrinjki pa bodo izgledali prefinjeno in elegantno!<\/p>\n","protected":false},"featured_media":13102,"comment_status":"open","ping_status":"open","template":"","meta":[],"product_brand":[],"product_cat":[196,907,905,916,921,920,919,996,924,931,932,928,933],"product_tag":[503,485,442,452],"class_list":{"0":"post-13134","1":"product","2":"type-product","3":"status-publish","4":"has-post-thumbnail","6":"product_cat-barski-program","7":"product_cat-kozarci-za-gin","8":"product_cat-kozarci-za-viski","9":"product_cat-darilni-program-2","10":"product_cat-darila-zanjo","11":"product_cat-porocna-darila","12":"product_cat-poslovna-darila","13":"product_cat-praznicna-ponudba","14":"product_cat-kozarci-2","15":"product_cat-kozarci-za-gin-2","16":"product_cat-kozarci-za-sok","17":"product_cat-kozarci-za-viski-2","18":"product_cat-kozarci-za-vodo-2","19":"product_tag-monaco","20":"product_tag-poslovna-darila","21":"product_tag-praznicna-darila","22":"product_tag-praznovanje","24":"first","25":"outofstock","26":"shipping-taxable","27":"purchasable","28":"product-type-simple"},"_links":{"self":[{"href":"https:\/\/steklarna-rogaska.si\/it\/wp-json\/wp\/v2\/product\/13134","targetHints":{"allow":["GET"]}}],"collection":[{"href":"https:\/\/steklarna-rogaska.si\/it\/wp-json\/wp\/v2\/product"}],"about":[{"href":"https:\/\/steklarna-rogaska.si\/it\/wp-json\/wp\/v2\/types\/product"}],"replies":[{"embeddable":true,"href":"https:\/\/steklarna-rogaska.si\/it\/wp-json\/wp\/v2\/comments?post=13134"}],"wp:featuredmedia":[{"embeddable":true,"href":"https:\/\/steklarna-rogaska.si\/it\/wp-json\/wp\/v2\/media\/13102"}],"wp:attachment":[{"href":"https:\/\/steklarna-rogaska.si\/it\/wp-json\/wp\/v2\/media?parent=13134"}],"wp:term":[{"taxonomy":"product_brand","embeddable":true,"href":"https:\/\/steklarna-rogaska.si\/it\/wp-json\/wp\/v2\/product_brand?post=13134"},{"taxonomy":"product_cat","embeddable":true,"href":"https:\/\/steklarna-rogaska.si\/it\/wp-json\/wp\/v2\/product_cat?post=13134"},{"taxonomy":"product_tag","embeddable":true,"href":"https:\/\/steklarna-rogaska.si\/it\/wp-json\/wp\/v2\/product_tag?post=13134"}],"curies":[{"name":"wp","href":"https:\/\/api.w.org\/{rel}","templated":true}]}}