{"id":11085,"date":"2020-11-23T12:23:06","date_gmt":"2020-11-23T12:23:06","guid":{"rendered":"https:\/\/steklarna-rogaska.si\/?post_type=product&#038;p=11085"},"modified":"2026-04-20T07:04:54","modified_gmt":"2026-04-20T07:04:54","slug":"precious-kozarec-za-rdece-vino-goblet-set-2-kosa","status":"publish","type":"product","link":"https:\/\/steklarna-rogaska.si\/it\/product\/precious-kozarec-za-rdece-vino-goblet-set-2-kosa\/","title":{"rendered":"KOZAREC ZA RDE\u010cE VINO &#8211; PRECIOUS &#8211; set 2 kos"},"content":{"rendered":"<p>vi\u0161ina = 220 mm \u0161irina (fi) = 80 mm<\/p>\n","protected":false},"excerpt":{"rendered":"<p>vi\u0161ina = 220 mm \u0161irina (fi) = 80 mm<\/p>\n","protected":false},"featured_media":11050,"comment_status":"open","ping_status":"closed","template":"","meta":[],"product_brand":[],"product_cat":[924,925,284,910],"product_tag":[977,441,439,442,785,971,976,454,467],"class_list":{"0":"post-11085","1":"product","2":"type-product","3":"status-publish","4":"has-post-thumbnail","6":"product_cat-kozarci-2","7":"product_cat-kozarci-za-vino-2","8":"product_cat-vinski-program-default-group","9":"product_cat-kozarci-za-vino","10":"product_tag-kelih-rogaska","11":"product_tag-porocna-darila","12":"product_tag-poroka","13":"product_tag-praznicna-darila","14":"product_tag-precious","15":"product_tag-vinski-kelih","16":"product_tag-vinski-kozarec","17":"product_tag-za-rdece-vino","18":"product_tag-za-vodo","20":"first","21":"instock","22":"shipping-taxable","23":"purchasable","24":"product-type-simple"},"_links":{"self":[{"href":"https:\/\/steklarna-rogaska.si\/it\/wp-json\/wp\/v2\/product\/11085","targetHints":{"allow":["GET"]}}],"collection":[{"href":"https:\/\/steklarna-rogaska.si\/it\/wp-json\/wp\/v2\/product"}],"about":[{"href":"https:\/\/steklarna-rogaska.si\/it\/wp-json\/wp\/v2\/types\/product"}],"replies":[{"embeddable":true,"href":"https:\/\/steklarna-rogaska.si\/it\/wp-json\/wp\/v2\/comments?post=11085"}],"wp:featuredmedia":[{"embeddable":true,"href":"https:\/\/steklarna-rogaska.si\/it\/wp-json\/wp\/v2\/media\/11050"}],"wp:attachment":[{"href":"https:\/\/steklarna-rogaska.si\/it\/wp-json\/wp\/v2\/media?parent=11085"}],"wp:term":[{"taxonomy":"product_brand","embeddable":true,"href":"https:\/\/steklarna-rogaska.si\/it\/wp-json\/wp\/v2\/product_brand?post=11085"},{"taxonomy":"product_cat","embeddable":true,"href":"https:\/\/steklarna-rogaska.si\/it\/wp-json\/wp\/v2\/product_cat?post=11085"},{"taxonomy":"product_tag","embeddable":true,"href":"https:\/\/steklarna-rogaska.si\/it\/wp-json\/wp\/v2\/product_tag?post=11085"}],"curies":[{"name":"wp","href":"https:\/\/api.w.org\/{rel}","templated":true}]}}