{"id":10313,"date":"2020-10-01T12:48:49","date_gmt":"2020-10-01T12:48:49","guid":{"rendered":"https:\/\/steklarna-rogaska.si\/?post_type=product&#038;p=10313"},"modified":"2026-05-05T05:12:58","modified_gmt":"2026-05-05T05:12:58","slug":"expert-y-crn-kozarec-za-penino-set-2","status":"publish","type":"product","link":"https:\/\/steklarna-rogaska.si\/it\/product\/expert-y-crn-kozarec-za-penino-set-2\/","title":{"rendered":"KOZAREC ZA PENINO \u010cRN &#8211; EXPERT-Y &#8211; set 2 kos"},"content":{"rendered":"<p>vi\u0161ina = 274 mm<\/p>\n<p>\u0161irina = 76 mm<\/p>\n<p>vol. 300 ml<\/p>\n","protected":false},"excerpt":{"rendered":"<p>Expert Y je novost v ponudbi strokovno zasnovanih vinskih kelihov. \u010ca\u0161e smo oblikovali tako, da lahko vino kar najbolje razvije in izrazi cvetico ter polnost okusa, obenem pa smo upo\u0161tevali sodobne smernice v oblikovanju. Popoln izbor za moderen \u017eivljenjski slog.<\/p>\n<p>Izku\u0161nje pri degustiranju vina s \u010drnimi kozarci &#8220;Expert Y&#8221; so obogatene s pridihom skrivnosti &#8211; zana\u0161ati se je treba le na svoje brbon\u010dice in voh, pri \u010demer odkrivate arome vina v popolnoma novi lu\u010di.<\/p>\n","protected":false},"featured_media":10286,"comment_status":"open","ping_status":"open","template":"","meta":[],"product_brand":[],"product_cat":[922,921,920,926,284,911],"product_tag":[980,405,977,972,981,973,466,442,971,976,458,468],"class_list":{"0":"post-10313","1":"product","2":"type-product","3":"status-publish","4":"has-post-thumbnail","6":"product_cat-darila-zanj","7":"product_cat-darila-zanjo","8":"product_cat-porocna-darila","9":"product_cat-kozarci-za-penino-2","10":"product_cat-vinski-program-default-group","11":"product_cat-kozarci-za-penino","12":"product_tag-blind-tasting","13":"product_tag-expert-y","14":"product_tag-kelih-rogaska","15":"product_tag-kelih-za-vino","16":"product_tag-kozarci-za-okusanje","17":"product_tag-kozarec-za-vino","18":"product_tag-poseben-dizajn","19":"product_tag-praznicna-darila","20":"product_tag-vinski-kelih","21":"product_tag-vinski-kozarec","22":"product_tag-za-mesane-pijace","23":"product_tag-za-penino","25":"first","26":"instock","27":"shipping-taxable","28":"purchasable","29":"product-type-simple"},"_links":{"self":[{"href":"https:\/\/steklarna-rogaska.si\/it\/wp-json\/wp\/v2\/product\/10313","targetHints":{"allow":["GET"]}}],"collection":[{"href":"https:\/\/steklarna-rogaska.si\/it\/wp-json\/wp\/v2\/product"}],"about":[{"href":"https:\/\/steklarna-rogaska.si\/it\/wp-json\/wp\/v2\/types\/product"}],"replies":[{"embeddable":true,"href":"https:\/\/steklarna-rogaska.si\/it\/wp-json\/wp\/v2\/comments?post=10313"}],"wp:featuredmedia":[{"embeddable":true,"href":"https:\/\/steklarna-rogaska.si\/it\/wp-json\/wp\/v2\/media\/10286"}],"wp:attachment":[{"href":"https:\/\/steklarna-rogaska.si\/it\/wp-json\/wp\/v2\/media?parent=10313"}],"wp:term":[{"taxonomy":"product_brand","embeddable":true,"href":"https:\/\/steklarna-rogaska.si\/it\/wp-json\/wp\/v2\/product_brand?post=10313"},{"taxonomy":"product_cat","embeddable":true,"href":"https:\/\/steklarna-rogaska.si\/it\/wp-json\/wp\/v2\/product_cat?post=10313"},{"taxonomy":"product_tag","embeddable":true,"href":"https:\/\/steklarna-rogaska.si\/it\/wp-json\/wp\/v2\/product_tag?post=10313"}],"curies":[{"name":"wp","href":"https:\/\/api.w.org\/{rel}","templated":true}]}}