{"id":39305,"date":"2024-04-19T10:08:57","date_gmt":"2024-04-19T10:08:57","guid":{"rendered":"https:\/\/steklarna-rogaska.si\/scoprite-il-mondo-del-cristallo-di-rogaska\/"},"modified":"2024-04-19T10:11:26","modified_gmt":"2024-04-19T10:11:26","slug":"scoprite-il-mondo-del-cristallo-di-rogaska","status":"publish","type":"page","link":"https:\/\/steklarna-rogaska.si\/it\/scoprite-il-mondo-del-cristallo-di-rogaska\/","title":{"rendered":"Scoprite Il Mondo Del Cristallo Di Roga\u0161ka"},"content":{"rendered":"<div class=\"wpb-content-wrapper\"><p>[vc_row css=&#8221;.vc_custom_1713435593285{padding-bottom: 5% !important;background-position: center !important;background-repeat: no-repeat !important;background-size: cover !important;}&#8221;][vc_column][vc_row_inner css=&#8221;.vc_custom_1713361963836{background-position: center !important;background-repeat: no-repeat !important;background-size: cover !important;}&#8221;][vc_column_inner]<div class=\"qodef-section-title-holder  qodef-st-standard qodef-st-title-left qodef-st-normal-space \" >\n\t<div class=\"qodef-st-inner\">\n\t\t\t\t\t<h2 class=\"qodef-st-title\" >\n\t\t\t\tScoprite Il Mondo Del Cristallo Di Roga\u0161ka\t\t\t<\/h2>\n\t\t\t\t\t<\/div>\n<\/div>[\/vc_column_inner][\/vc_row_inner][vc_column_text css=&#8221;.vc_custom_1713445073520{padding-top: 2% !important;}&#8221;]<\/p>\n<p class=\"p1\">Benvenuti a Roga\u0161ka Slatina, citt\u00e0 dell\u2019acqua curativa e del cristallo.<\/p>\n<p class=\"p1\">Vivete il pulsare di Roga\u0161ka Slatina e visitate il luogo in cui vengono realizzati i prestigiosi prodotti in cristallo. Visitate una delle pi\u00f9 grandi fabbriche di cristallo del mondo, la vetreria Steklarna Roga\u0161ka, e venite a conoscere le persone che conservano le tradizioni tipiche della zona. La lavorazione del vetro \u00e8 iniziata qui gi\u00e0 nel 1665.<span class=\"Apple-converted-space\">\u00a0 <\/span>I maestri vetrai creano ancora oggi a mano splendidi capolavori in cristallo che costituiscono un\u2019aggiunta eccezionale all\u2019ambiente della casa o un regalo squisito per le occasioni speciali. Il cristallo di Roga\u0161ka \u00e8 apprezzato in tutto il mondo e tra i suoi destinatari figurano numerosi re e regine, uomini di Stato, nonch\u00e9 personalit\u00e0 di spicco del mondo dello sport, della cultura e dell\u2019economia.<\/p>\n<p class=\"p1\">La vetreria Steklarna Roga\u0161ka dista solo 2 km dal centro della citt\u00e0.<\/p>\n<p class=\"p1\">Lo showroom Roga\u0161ka espone pi\u00f9 di 500 diversi prodotti in cristallo a marchio Roga\u0161ka. Lo showroom vi fornir\u00e0 una consulenza esperta su come scegliere.<\/p>\n<p class=\"p1\">Non terminate la vostra visita a Roga\u0161ka senza aver visitato il processo di produzione dei nostri eccezionali capolavori in cristallo.<\/p>\n<p>[\/vc_column_text][\/vc_column][\/vc_row][vc_row css=&#8221;.vc_custom_1713445582335{margin-top: 2% !important;padding-top: 20% !important;padding-bottom: 20% !important;background-image: url(https:\/\/steklarna-rogaska.si\/wp-content\/uploads\/2024\/04\/Gem-bowl-with-fruits-scaled.jpg?id=26402) !important;background-position: center !important;background-repeat: no-repeat !important;background-size: cover !important;border-radius: 10px !important;}&#8221;][vc_column][\/vc_column][\/vc_row][vc_row css=&#8221;.vc_custom_1713364105900{padding-top: 5% !important;padding-bottom: 5% !important;}&#8221;][vc_column]<div class=\"qodef-section-title-holder  qodef-st-standard qodef-st-title-left qodef-st-normal-space \" >\n\t<div class=\"qodef-st-inner\">\n\t\t\t\t\t<h2 class=\"qodef-st-title\" >\n\t\t\t\tVisitate Il Salone Di Roga\u0161ka\t\t\t<\/h2>\n\t\t\t\t\t<\/div>\n<\/div>[vc_column_text css=&#8221;.vc_custom_1713445966385{padding-top: 2% !important;}&#8221;]<\/p>\n<p class=\"p1\">Passeggiate nel negozio e ammirate gli eccezionali prodotti in cristallo di Roga\u0161ka. Il cristallo \u00e8 un accessorio eccezionale e apprezzato nell\u2019ambiente, oltre ad essere un regalo molto apprezzato. I regali possono anche essere personalizzati con incisioni a mano.<span class=\"Apple-converted-space\">\u00a0 <\/span>Oltre al cristallo, troverete anche porcellane selezionate Wedgwood e Royal Copenhagen. I prodotti acquistati possono anche essere spediti per posta.<\/p>\n<p>[\/vc_column_text][\/vc_column][vc_column css=&#8221;.vc_custom_1713447867725{padding-top: 5% !important;}&#8221;][vc_row_inner content_placement=&#8221;middle&#8221; css=&#8221;.vc_custom_1713446022785{border-radius: 10px !important;}&#8221;][vc_column_inner width=&#8221;1\/2&#8243;][vc_raw_html]PGlmcmFtZSBzcmM9Imh0dHBzOi8vd3d3Lmdvb2dsZS5jb20vbWFwcy9lbWJlZD9wYj0hMW0xOCExbTEyITFtMyExZDI3NjAuMjQzNDgzNjE2MzQ4ITJkMTUuNjQxNjMzMDk2NTIzNDg4ITNkNDYuMjI1NTAyNDk2NTcxOTA2ITJtMyExZjAhMmYwITNmMCEzbTIhMWkxMDI0ITJpNzY4ITRmMTMuMSEzbTMhMW0yITFzMHg0NzY1OGZlZWRjZTE5Njc5JTNBMHhiZmY1MDQ1ZDZhNzcwODUyITJzVWxpY2ElMjB0YWxjZXYlMjAxJTJDJTIwMzI1MCUyMFJvZ2ElQzUlQTFrYSUyMFNsYXRpbmElMkMlMjBTbG92ZW5pYSE1ZTAhM20yITFzZW4hMnMhNHYxNzEzMzYzNjE4OTQyITVtMiExc2VuITJzIiB3aWR0aD0iNjAwIiBoZWlnaHQ9IjQ1MCIgc3R5bGU9ImJvcmRlcjowOyIgYWxsb3dmdWxsc2NyZWVuPSIiIGxvYWRpbmc9ImxhenkiIHJlZmVycmVycG9saWN5PSJuby1yZWZlcnJlci13aGVuLWRvd25ncmFkZSI+PC9pZnJhbWU+[\/vc_raw_html][\/vc_column_inner][vc_column_inner width=&#8221;1\/2&#8243;][vc_single_image image=&#8221;39301&#8243; img_size=&#8221;full&#8221; css=&#8221;.vc_custom_1713445916766{border-radius: 10px !important;}&#8221;][vc_column_text el_class=&#8221;opening-hrs&#8221;]<\/p>\n<p class=\"p1\">Orario di apertura:<\/p>\n<ul class=\"ul1\">\n<li class=\"li1\">Luned\u00ec &#8211; venerd\u00ec: 8:00 \u2013 19:00<\/li>\n<li class=\"li1\">Sabato: 8:00 -13:00<\/li>\n<\/ul>\n<p>[\/vc_column_text][\/vc_column_inner][\/vc_row_inner][\/vc_column][\/vc_row][vc_row css=&#8221;.vc_custom_1713447847868{padding-top: 5% !important;}&#8221;][vc_column]<div class=\"qodef-section-title-holder  qodef-st-standard qodef-st-title-left qodef-st-normal-space \" >\n\t<div class=\"qodef-st-inner\">\n\t\t\t\t\t<h2 class=\"qodef-st-title\" >\n\t\t\t\tScoprite Come Nascono I Prodotti In Cristallo\t\t\t<\/h2>\n\t\t\t\t\t<\/div>\n<\/div>[vc_column_text]<\/p>\n<p class=\"p1\">Accompagnati da una guida, scoprite come vengono creati i prodotti in cristallo. Imparate a conoscere le materie prime e gli strumenti di base di cui i vetrai hanno bisogno per lavorare.<span class=\"Apple-converted-space\">\u00a0 <\/span>Scoprite il lavoro dei maestri soffiatori, tagliatori e decoratori che, con senso estetico, aggiungono un eccezionale scintillio e carattere cristallino a ogni prodotto. La visita dura circa 45 minuti e si conclude nella HALL OF FAME, una sala in cui sono esposti trofei e premi unici vinti da molte celebrit\u00e0.<\/p>\n<p>[\/vc_column_text][\/vc_column][\/vc_row][vc_row css=&#8221;.vc_custom_1713447811754{padding-bottom: 5% !important;border-radius: 10px !important;}&#8221;][vc_column css=&#8221;.vc_custom_1713364417811{border-radius: 10px !important;}&#8221;][vc_row_inner content_placement=&#8221;middle&#8221;][vc_column_inner][vc_column_text el_class=&#8221;reserve-box&#8221;]<\/p>\n<p class=\"p1\">Prenota un appuntamento per un&#8217;esperienza indimenticabile:<\/p>\n<ul class=\"ul1\">\n<li class=\"li1\">po elektronski po\u0161ti\u00a0<a href=\"mailto: obisk.rogaska@fiskars.com\">obisk.rogaska@fiskars.com\u00a0<\/a>ali<\/li>\n<li class=\"li1\">per telefono allo <a href=\"tel:03 818 02 05\">00386 (0) 3 818 02 05<\/a><\/li>\n<\/ul>\n<p>[\/vc_column_text][\/vc_column_inner][\/vc_row_inner][\/vc_column][\/vc_row][vc_row css=&#8221;.vc_custom_1713447645144{margin-top: 2% !important;padding-top: 20% !important;padding-bottom: 20% !important;background-image: url(https:\/\/steklarna-rogaska.si\/wp-content\/uploads\/2024\/04\/bilo-je-dovoljenje-2-scaled.jpg?id=26411) !important;background-position: center !important;background-repeat: no-repeat !important;background-size: cover !important;border-radius: 10px !important;}&#8221;][vc_column][\/vc_column][\/vc_row][vc_row][vc_column][vc_btn title=&#8221;Scaricate il catalogo attuale dei prodotti in cristallo Roga\u0161ka&#8221; color=&#8221;white&#8221; i_icon_fontawesome=&#8221;fas fa-file-download&#8221; add_icon=&#8221;true&#8221; link=&#8221;url:https%3A%2F%2Fsteklarna-rogaska.si%2Fwp-content%2Fuploads%2F2024%2F03%2FRogaska-catalog-2024_screen.pdf|title:Scaricate%20il%20catalogo%20attuale%20dei%20prodotti%20in%20cristallo%20Roga%C5%A1ka|target:_blank|&#8221; el_class=&#8221;catalogue-link&#8221;][\/vc_column][\/vc_row][vc_row css=&#8221;.vc_custom_1713447687946{margin-top: 2% !important;padding-top: 20% !important;padding-bottom: 20% !important;background-image: url(https:\/\/steklarna-rogaska.si\/wp-content\/uploads\/2024\/04\/catalogue.jpeg?id=26393) !important;background-position: center !important;background-repeat: no-repeat !important;background-size: cover !important;border-radius: 10px !important;}&#8221;][vc_column][\/vc_column][\/vc_row]<\/p>\n<\/div>","protected":false},"excerpt":{"rendered":"<p>[vc_row css=&#8221;.vc_custom_1713435593285{padding-bottom: 5% !important;background-position: center !important;background-repeat: no-repeat !important;background-size: cover !important;}&#8221;][vc_column][vc_row_inner css=&#8221;.vc_custom_1713361963836{background-position: center !important;background-repeat: no-repeat !important;background-size: cover !important;}&#8221;][vc_column_inner][\/vc_column_inner][\/vc_row_inner][vc_column_text css=&#8221;.vc_custom_1713445073520{padding-top: 2% !important;}&#8221;] Benvenuti a Roga\u0161ka Slatina, citt\u00e0 [&hellip;]<\/p>\n","protected":false},"author":1532,"featured_media":0,"parent":0,"menu_order":0,"comment_status":"closed","ping_status":"closed","template":"","meta":{"footnotes":""},"class_list":["post-39305","page","type-page","status-publish","hentry"],"_links":{"self":[{"href":"https:\/\/steklarna-rogaska.si\/it\/wp-json\/wp\/v2\/pages\/39305","targetHints":{"allow":["GET"]}}],"collection":[{"href":"https:\/\/steklarna-rogaska.si\/it\/wp-json\/wp\/v2\/pages"}],"about":[{"href":"https:\/\/steklarna-rogaska.si\/it\/wp-json\/wp\/v2\/types\/page"}],"author":[{"embeddable":true,"href":"https:\/\/steklarna-rogaska.si\/it\/wp-json\/wp\/v2\/users\/1532"}],"replies":[{"embeddable":true,"href":"https:\/\/steklarna-rogaska.si\/it\/wp-json\/wp\/v2\/comments?post=39305"}],"version-history":[{"count":5,"href":"https:\/\/steklarna-rogaska.si\/it\/wp-json\/wp\/v2\/pages\/39305\/revisions"}],"predecessor-version":[{"id":39310,"href":"https:\/\/steklarna-rogaska.si\/it\/wp-json\/wp\/v2\/pages\/39305\/revisions\/39310"}],"wp:attachment":[{"href":"https:\/\/steklarna-rogaska.si\/it\/wp-json\/wp\/v2\/media?parent=39305"}],"curies":[{"name":"wp","href":"https:\/\/api.w.org\/{rel}","templated":true}]}}