{"id":9297,"date":"2020-07-07T05:03:08","date_gmt":"2020-07-07T05:03:08","guid":{"rendered":"https:\/\/steklarna-rogaska.si\/?post_type=product&#038;p=9297"},"modified":"2026-04-14T05:23:26","modified_gmt":"2026-04-14T05:23:26","slug":"pulse-dof-set-2","status":"publish","type":"product","link":"https:\/\/steklarna-rogaska.si\/hr\/proizvod\/pulse-dof-set-2\/","title":{"rendered":"DOF KOZAREC ZA VISKI &#8211; PULSE &#8211; set 2 kos"},"content":{"rendered":"<p>vi\u0161ina = 98 mm \u0161irina = 84 mm te\u017ea = 0.5 kg<\/p>\n","protected":false},"excerpt":{"rendered":"<p>Tradicionalni brus je interpretiran na zelo sodoben na\u010din in ustvarja igriv ter zanimiv vzorec.<\/p>\n","protected":false},"featured_media":9254,"comment_status":"open","ping_status":"open","template":"","meta":[],"product_brand":[],"product_cat":[196,905,916,922,919,924,928],"product_tag":[786,484,467,455,784,478],"class_list":{"0":"post-9297","1":"product","2":"type-product","3":"status-publish","4":"has-post-thumbnail","6":"product_cat-barski-program","7":"product_cat-kozarci-za-viski","8":"product_cat-darilni-program-2","9":"product_cat-darila-zanj","10":"product_cat-poslovna-darila","11":"product_cat-kozarci-2","12":"product_cat-kozarci-za-viski-2","13":"product_tag-pulse","14":"product_tag-za-sok","15":"product_tag-za-vodo","16":"product_tag-za-vodo-pivo-sok-mesane-pijace","17":"product_tag-za-whisky","18":"product_tag-za-zgane-pijace","20":"first","21":"outofstock","22":"shipping-taxable","23":"purchasable","24":"product-type-simple"},"_links":{"self":[{"href":"https:\/\/steklarna-rogaska.si\/hr\/wp-json\/wp\/v2\/product\/9297","targetHints":{"allow":["GET"]}}],"collection":[{"href":"https:\/\/steklarna-rogaska.si\/hr\/wp-json\/wp\/v2\/product"}],"about":[{"href":"https:\/\/steklarna-rogaska.si\/hr\/wp-json\/wp\/v2\/types\/product"}],"replies":[{"embeddable":true,"href":"https:\/\/steklarna-rogaska.si\/hr\/wp-json\/wp\/v2\/comments?post=9297"}],"wp:featuredmedia":[{"embeddable":true,"href":"https:\/\/steklarna-rogaska.si\/hr\/wp-json\/wp\/v2\/media\/9254"}],"wp:attachment":[{"href":"https:\/\/steklarna-rogaska.si\/hr\/wp-json\/wp\/v2\/media?parent=9297"}],"wp:term":[{"taxonomy":"product_brand","embeddable":true,"href":"https:\/\/steklarna-rogaska.si\/hr\/wp-json\/wp\/v2\/product_brand?post=9297"},{"taxonomy":"product_cat","embeddable":true,"href":"https:\/\/steklarna-rogaska.si\/hr\/wp-json\/wp\/v2\/product_cat?post=9297"},{"taxonomy":"product_tag","embeddable":true,"href":"https:\/\/steklarna-rogaska.si\/hr\/wp-json\/wp\/v2\/product_tag?post=9297"}],"curies":[{"name":"wp","href":"https:\/\/api.w.org\/{rel}","templated":true}]}}