{"id":9282,"date":"2025-02-27T05:02:37","date_gmt":"2025-02-27T05:02:37","guid":{"rendered":"https:\/\/steklarna-rogaska.si\/?post_type=product&#038;p=9282"},"modified":"2026-04-08T05:12:36","modified_gmt":"2026-04-08T05:12:36","slug":"expert-dof-set-2","status":"publish","type":"product","link":"https:\/\/steklarna-rogaska.si\/hr\/proizvod\/expert-dof-set-2\/","title":{"rendered":"DOF KOZAREC ZA VISKI &#8211; ROGA\u0160KA EXPERT &#8211; set 2 kos"},"content":{"rendered":"<p>vi\u0161ina = 105 mm \u0161irina = 102 mm \u00a0te\u017ea = 0.26 kg<\/p>\n","protected":false},"excerpt":{"rendered":"<p>vi\u0161ina = 105 mm \u0161irina = 102 mm \u00a0te\u017ea = 0.26 kg<\/p>\n","protected":false},"featured_media":9233,"comment_status":"open","ping_status":"closed","template":"","meta":[],"product_brand":[],"product_cat":[196,907,905,916,922,924,931,928],"product_tag":[404,441,439,485,458,478],"class_list":{"0":"post-9282","1":"product","2":"type-product","3":"status-publish","4":"has-post-thumbnail","6":"product_cat-barski-program","7":"product_cat-kozarci-za-gin","8":"product_cat-kozarci-za-viski","9":"product_cat-darilni-program-2","10":"product_cat-darila-zanj","11":"product_cat-kozarci-2","12":"product_cat-kozarci-za-gin-2","13":"product_cat-kozarci-za-viski-2","14":"product_tag-expert","15":"product_tag-porocna-darila","16":"product_tag-poroka","17":"product_tag-poslovna-darila","18":"product_tag-za-mesane-pijace","19":"product_tag-za-zgane-pijace","21":"first","22":"instock","23":"shipping-taxable","24":"purchasable","25":"product-type-simple"},"_links":{"self":[{"href":"https:\/\/steklarna-rogaska.si\/hr\/wp-json\/wp\/v2\/product\/9282","targetHints":{"allow":["GET"]}}],"collection":[{"href":"https:\/\/steklarna-rogaska.si\/hr\/wp-json\/wp\/v2\/product"}],"about":[{"href":"https:\/\/steklarna-rogaska.si\/hr\/wp-json\/wp\/v2\/types\/product"}],"replies":[{"embeddable":true,"href":"https:\/\/steklarna-rogaska.si\/hr\/wp-json\/wp\/v2\/comments?post=9282"}],"wp:featuredmedia":[{"embeddable":true,"href":"https:\/\/steklarna-rogaska.si\/hr\/wp-json\/wp\/v2\/media\/9233"}],"wp:attachment":[{"href":"https:\/\/steklarna-rogaska.si\/hr\/wp-json\/wp\/v2\/media?parent=9282"}],"wp:term":[{"taxonomy":"product_brand","embeddable":true,"href":"https:\/\/steklarna-rogaska.si\/hr\/wp-json\/wp\/v2\/product_brand?post=9282"},{"taxonomy":"product_cat","embeddable":true,"href":"https:\/\/steklarna-rogaska.si\/hr\/wp-json\/wp\/v2\/product_cat?post=9282"},{"taxonomy":"product_tag","embeddable":true,"href":"https:\/\/steklarna-rogaska.si\/hr\/wp-json\/wp\/v2\/product_tag?post=9282"}],"curies":[{"name":"wp","href":"https:\/\/api.w.org\/{rel}","templated":true}]}}