{"id":8399,"date":"2019-12-28T09:21:12","date_gmt":"2019-12-28T09:21:12","guid":{"rendered":"https:\/\/steklarna-rogaska.si\/product\/avenue-vrc-s-stapom-za-mijesanje\/"},"modified":"2024-03-07T06:12:01","modified_gmt":"2024-03-07T06:12:01","slug":"avenue-vrc-s-stapom-za-mijesanje","status":"publish","type":"product","link":"https:\/\/steklarna-rogaska.si\/hr\/proizvod\/avenue-vrc-s-stapom-za-mijesanje\/","title":{"rendered":"AVENUE vr\u010d s \u0161tapom za mije\u0161anje"},"content":{"rendered":"<p>visina = 250 mm<br \/>\n\u0161irina = 118 mm<br \/>\nte\u017eina = 2.2 kg<\/p>\n","protected":false},"excerpt":{"rendered":"<p>visina = 250 mm \u0161irina = 118 mm te\u017eina = 2.2 kg<\/p>\n","protected":false},"featured_media":8400,"comment_status":"closed","ping_status":"open","template":"","meta":[],"product_brand":[],"product_cat":[537,1051,1102],"product_tag":[595,767],"class_list":{"0":"post-8399","1":"product","2":"type-product","3":"status-publish","4":"has-post-thumbnail","6":"product_cat-pribor-za-bar","7":"product_cat-boce-dekanteri-bokali-vrcevi","8":"product_cat-vrc-hr","9":"product_tag-avenue-hr","10":"product_tag-za-mesanje-pijace-hr","12":"first","13":"instock","14":"shipping-taxable","15":"purchasable","16":"product-type-simple"},"_links":{"self":[{"href":"https:\/\/steklarna-rogaska.si\/hr\/wp-json\/wp\/v2\/product\/8399","targetHints":{"allow":["GET"]}}],"collection":[{"href":"https:\/\/steklarna-rogaska.si\/hr\/wp-json\/wp\/v2\/product"}],"about":[{"href":"https:\/\/steklarna-rogaska.si\/hr\/wp-json\/wp\/v2\/types\/product"}],"replies":[{"embeddable":true,"href":"https:\/\/steklarna-rogaska.si\/hr\/wp-json\/wp\/v2\/comments?post=8399"}],"wp:featuredmedia":[{"embeddable":true,"href":"https:\/\/steklarna-rogaska.si\/hr\/wp-json\/wp\/v2\/media\/8400"}],"wp:attachment":[{"href":"https:\/\/steklarna-rogaska.si\/hr\/wp-json\/wp\/v2\/media?parent=8399"}],"wp:term":[{"taxonomy":"product_brand","embeddable":true,"href":"https:\/\/steklarna-rogaska.si\/hr\/wp-json\/wp\/v2\/product_brand?post=8399"},{"taxonomy":"product_cat","embeddable":true,"href":"https:\/\/steklarna-rogaska.si\/hr\/wp-json\/wp\/v2\/product_cat?post=8399"},{"taxonomy":"product_tag","embeddable":true,"href":"https:\/\/steklarna-rogaska.si\/hr\/wp-json\/wp\/v2\/product_tag?post=8399"}],"curies":[{"name":"wp","href":"https:\/\/api.w.org\/{rel}","templated":true}]}}