{"id":8361,"date":"2020-04-23T17:44:47","date_gmt":"2020-04-23T17:44:47","guid":{"rendered":"https:\/\/steklarna-rogaska.si\/product\/manhattan-boca-za-viski\/"},"modified":"2024-03-07T06:12:12","modified_gmt":"2024-03-07T06:12:12","slug":"manhattan-boca-za-viski","status":"publish","type":"product","link":"https:\/\/steklarna-rogaska.si\/hr\/proizvod\/manhattan-boca-za-viski\/","title":{"rendered":"MANHATTAN boca za viski"},"content":{"rendered":"<p>vi\u0161ina= 263 mm<\/p>\n<p>\u0161irina= 118 mm<\/p>\n<p>te\u017ea= 1,5 kg<\/p>\n","protected":false},"excerpt":{"rendered":"<p>vi\u0161ina= 263 mm \u0161irina= 118 mm te\u017ea= 1,5 kg<\/p>\n","protected":false},"featured_media":8362,"comment_status":"closed","ping_status":"open","template":"","meta":[],"product_brand":[],"product_cat":[537,1049,1051,1052],"product_tag":[683,751,571],"class_list":{"0":"post-8361","1":"product","2":"type-product","3":"status-publish","4":"has-post-thumbnail","6":"product_cat-pribor-za-bar","7":"product_cat-boca-za-zestoka-pica","8":"product_cat-boce-dekanteri-bokali-vrcevi","9":"product_cat-boca-za-zastoka-pica","10":"product_tag-manhattan-hr","11":"product_tag-poslovna-darila-hr","12":"product_tag-za-zestice","14":"first","15":"outofstock","16":"shipping-taxable","17":"purchasable","18":"product-type-simple"},"_links":{"self":[{"href":"https:\/\/steklarna-rogaska.si\/hr\/wp-json\/wp\/v2\/product\/8361","targetHints":{"allow":["GET"]}}],"collection":[{"href":"https:\/\/steklarna-rogaska.si\/hr\/wp-json\/wp\/v2\/product"}],"about":[{"href":"https:\/\/steklarna-rogaska.si\/hr\/wp-json\/wp\/v2\/types\/product"}],"replies":[{"embeddable":true,"href":"https:\/\/steklarna-rogaska.si\/hr\/wp-json\/wp\/v2\/comments?post=8361"}],"wp:featuredmedia":[{"embeddable":true,"href":"https:\/\/steklarna-rogaska.si\/hr\/wp-json\/wp\/v2\/media\/8362"}],"wp:attachment":[{"href":"https:\/\/steklarna-rogaska.si\/hr\/wp-json\/wp\/v2\/media?parent=8361"}],"wp:term":[{"taxonomy":"product_brand","embeddable":true,"href":"https:\/\/steklarna-rogaska.si\/hr\/wp-json\/wp\/v2\/product_brand?post=8361"},{"taxonomy":"product_cat","embeddable":true,"href":"https:\/\/steklarna-rogaska.si\/hr\/wp-json\/wp\/v2\/product_cat?post=8361"},{"taxonomy":"product_tag","embeddable":true,"href":"https:\/\/steklarna-rogaska.si\/hr\/wp-json\/wp\/v2\/product_tag?post=8361"}],"curies":[{"name":"wp","href":"https:\/\/api.w.org\/{rel}","templated":true}]}}