{"id":8359,"date":"2020-04-23T17:43:03","date_gmt":"2020-04-23T17:43:03","guid":{"rendered":"https:\/\/steklarna-rogaska.si\/product\/manhattan-casa-za-vodku-set-2\/"},"modified":"2024-06-10T09:21:25","modified_gmt":"2024-06-10T09:21:25","slug":"manhattan-casa-za-vodku-set-2","status":"publish","type":"product","link":"https:\/\/steklarna-rogaska.si\/hr\/proizvod\/manhattan-casa-za-vodku-set-2\/","title":{"rendered":"MANHATTAN \u010da\u0161a za vodku &#8211; set 2"},"content":{"rendered":"<p>vi\u0161ina=98 mm<\/p>\n<p>\u0161irina=51 mm<\/p>\n<p>te\u017ea= 0,2 kg<\/p>\n","protected":false},"excerpt":{"rendered":"<p>vi\u0161ina=98 mm \u0161irina=51 mm te\u017ea= 0,2 kg<\/p>\n","protected":false},"featured_media":8360,"comment_status":"closed","ping_status":"closed","template":"","meta":[],"product_brand":[],"product_cat":[537,1058,1229,1045,1060,1061],"product_tag":[683,571],"class_list":{"0":"post-8359","1":"product","2":"type-product","3":"status-publish","4":"has-post-thumbnail","6":"product_cat-pribor-za-bar","7":"product_cat-case-za-zestoka-pica-hr","8":"product_cat-poklon-program","9":"product_cat-poklon-za-njega","10":"product_cat-case","11":"product_cat-casa-za-zestoka-pica","12":"product_tag-manhattan-hr","13":"product_tag-za-zestice","15":"first","16":"instock","17":"shipping-taxable","18":"purchasable","19":"product-type-simple"},"_links":{"self":[{"href":"https:\/\/steklarna-rogaska.si\/hr\/wp-json\/wp\/v2\/product\/8359","targetHints":{"allow":["GET"]}}],"collection":[{"href":"https:\/\/steklarna-rogaska.si\/hr\/wp-json\/wp\/v2\/product"}],"about":[{"href":"https:\/\/steklarna-rogaska.si\/hr\/wp-json\/wp\/v2\/types\/product"}],"replies":[{"embeddable":true,"href":"https:\/\/steklarna-rogaska.si\/hr\/wp-json\/wp\/v2\/comments?post=8359"}],"wp:featuredmedia":[{"embeddable":true,"href":"https:\/\/steklarna-rogaska.si\/hr\/wp-json\/wp\/v2\/media\/8360"}],"wp:attachment":[{"href":"https:\/\/steklarna-rogaska.si\/hr\/wp-json\/wp\/v2\/media?parent=8359"}],"wp:term":[{"taxonomy":"product_brand","embeddable":true,"href":"https:\/\/steklarna-rogaska.si\/hr\/wp-json\/wp\/v2\/product_brand?post=8359"},{"taxonomy":"product_cat","embeddable":true,"href":"https:\/\/steklarna-rogaska.si\/hr\/wp-json\/wp\/v2\/product_cat?post=8359"},{"taxonomy":"product_tag","embeddable":true,"href":"https:\/\/steklarna-rogaska.si\/hr\/wp-json\/wp\/v2\/product_tag?post=8359"}],"curies":[{"name":"wp","href":"https:\/\/api.w.org\/{rel}","templated":true}]}}