{"id":8355,"date":"2020-04-23T17:52:32","date_gmt":"2020-04-23T17:52:32","guid":{"rendered":"https:\/\/steklarna-rogaska.si\/product\/manhattan-boca-za-vodku\/"},"modified":"2026-02-21T19:14:02","modified_gmt":"2026-02-21T19:14:02","slug":"manhattan-boca-za-vodku","status":"publish","type":"product","link":"https:\/\/steklarna-rogaska.si\/hr\/proizvod\/manhattan-boca-za-vodku\/","title":{"rendered":"MANHATTAN boca za vodku"},"content":{"rendered":"<p>vi\u0161ina= 313 mm<\/p>\n<p>\u0161irina= 100 mm<\/p>\n<p>te\u017ea= 1,53 kg<\/p>\n","protected":false},"excerpt":{"rendered":"<p>vi\u0161ina= 313 mm \u0161irina= 100 mm te\u017ea= 1,53 kg<\/p>\n","protected":false},"featured_media":8356,"comment_status":"closed","ping_status":"open","template":"","meta":[],"product_brand":[],"product_cat":[537,1049,1051,1052],"product_tag":[683,751,571],"class_list":{"0":"post-8355","1":"product","2":"type-product","3":"status-publish","4":"has-post-thumbnail","6":"product_cat-pribor-za-bar","7":"product_cat-boca-za-zestoka-pica","8":"product_cat-boce-dekanteri-bokali-vrcevi","9":"product_cat-boca-za-zastoka-pica","10":"product_tag-manhattan-hr","11":"product_tag-poslovna-darila-hr","12":"product_tag-za-zestice","14":"first","15":"instock","16":"shipping-taxable","17":"purchasable","18":"product-type-simple"},"_links":{"self":[{"href":"https:\/\/steklarna-rogaska.si\/hr\/wp-json\/wp\/v2\/product\/8355","targetHints":{"allow":["GET"]}}],"collection":[{"href":"https:\/\/steklarna-rogaska.si\/hr\/wp-json\/wp\/v2\/product"}],"about":[{"href":"https:\/\/steklarna-rogaska.si\/hr\/wp-json\/wp\/v2\/types\/product"}],"replies":[{"embeddable":true,"href":"https:\/\/steklarna-rogaska.si\/hr\/wp-json\/wp\/v2\/comments?post=8355"}],"wp:featuredmedia":[{"embeddable":true,"href":"https:\/\/steklarna-rogaska.si\/hr\/wp-json\/wp\/v2\/media\/8356"}],"wp:attachment":[{"href":"https:\/\/steklarna-rogaska.si\/hr\/wp-json\/wp\/v2\/media?parent=8355"}],"wp:term":[{"taxonomy":"product_brand","embeddable":true,"href":"https:\/\/steklarna-rogaska.si\/hr\/wp-json\/wp\/v2\/product_brand?post=8355"},{"taxonomy":"product_cat","embeddable":true,"href":"https:\/\/steklarna-rogaska.si\/hr\/wp-json\/wp\/v2\/product_cat?post=8355"},{"taxonomy":"product_tag","embeddable":true,"href":"https:\/\/steklarna-rogaska.si\/hr\/wp-json\/wp\/v2\/product_tag?post=8355"}],"curies":[{"name":"wp","href":"https:\/\/api.w.org\/{rel}","templated":true}]}}