{"id":8353,"date":"2025-05-06T06:41:19","date_gmt":"2025-05-06T06:41:19","guid":{"rendered":"https:\/\/steklarna-rogaska.si\/product\/manhattan-set-boce-i-2-case-za-viski\/"},"modified":"2026-02-25T08:25:39","modified_gmt":"2026-02-25T08:25:39","slug":"manhattan-set-boce-i-2-case-za-viski","status":"publish","type":"product","link":"https:\/\/steklarna-rogaska.si\/hr\/proizvod\/manhattan-set-boce-i-2-case-za-viski\/","title":{"rendered":"MANHATTAN set boce i 2 \u010da\u0161e za viski"},"content":{"rendered":"<p>te\u017ea= 2,7 kg<\/p>\n","protected":false},"excerpt":{"rendered":"<p>te\u017ea= 2,7 kg<\/p>\n","protected":false},"featured_media":8354,"comment_status":"closed","ping_status":"closed","template":"","meta":[],"product_brand":[],"product_cat":[537,538,1229,1045,1034,1041],"product_tag":[683,736,735,751,753,571],"class_list":{"0":"post-8353","1":"product","2":"type-product","3":"status-publish","4":"has-post-thumbnail","6":"product_cat-pribor-za-bar","7":"product_cat-poklon-setovi-barski-program","8":"product_cat-poklon-program","9":"product_cat-poklon-za-njega","10":"product_cat-poslovni-pokloni","11":"product_cat-bozicna-ponuda","12":"product_tag-manhattan-hr","13":"product_tag-porocna-darila-hr-2","14":"product_tag-poroka-hr-2","15":"product_tag-poslovna-darila-hr","16":"product_tag-praznovanje-hr","17":"product_tag-za-zestice","19":"first","20":"instock","21":"shipping-taxable","22":"purchasable","23":"product-type-simple"},"_links":{"self":[{"href":"https:\/\/steklarna-rogaska.si\/hr\/wp-json\/wp\/v2\/product\/8353","targetHints":{"allow":["GET"]}}],"collection":[{"href":"https:\/\/steklarna-rogaska.si\/hr\/wp-json\/wp\/v2\/product"}],"about":[{"href":"https:\/\/steklarna-rogaska.si\/hr\/wp-json\/wp\/v2\/types\/product"}],"replies":[{"embeddable":true,"href":"https:\/\/steklarna-rogaska.si\/hr\/wp-json\/wp\/v2\/comments?post=8353"}],"wp:featuredmedia":[{"embeddable":true,"href":"https:\/\/steklarna-rogaska.si\/hr\/wp-json\/wp\/v2\/media\/8354"}],"wp:attachment":[{"href":"https:\/\/steklarna-rogaska.si\/hr\/wp-json\/wp\/v2\/media?parent=8353"}],"wp:term":[{"taxonomy":"product_brand","embeddable":true,"href":"https:\/\/steklarna-rogaska.si\/hr\/wp-json\/wp\/v2\/product_brand?post=8353"},{"taxonomy":"product_cat","embeddable":true,"href":"https:\/\/steklarna-rogaska.si\/hr\/wp-json\/wp\/v2\/product_cat?post=8353"},{"taxonomy":"product_tag","embeddable":true,"href":"https:\/\/steklarna-rogaska.si\/hr\/wp-json\/wp\/v2\/product_tag?post=8353"}],"curies":[{"name":"wp","href":"https:\/\/api.w.org\/{rel}","templated":true}]}}