{"id":8347,"date":"2025-06-17T07:37:19","date_gmt":"2025-06-17T07:37:19","guid":{"rendered":"https:\/\/steklarna-rogaska.si\/product\/manhattan-visa-casa-set-2\/"},"modified":"2025-09-30T06:00:37","modified_gmt":"2025-09-30T06:00:37","slug":"manhattan-visa-casa-set-2","status":"publish","type":"product","link":"https:\/\/steklarna-rogaska.si\/hr\/proizvod\/manhattan-visa-casa-set-2\/","title":{"rendered":"MANHATTAN vi\u0161a \u010da\u0161a &#8211; set 2"},"content":{"rendered":"<p>vi\u0161ina=159 mm<\/p>\n<p>\u0161irina=81 mm<\/p>\n<p>te\u017ea= 0,63 kg<\/p>\n","protected":false},"excerpt":{"rendered":"<p>vi\u0161ina=159 mm \u0161irina=81 mm te\u017ea= 0,63 kg<\/p>\n","protected":false},"featured_media":8348,"comment_status":"closed","ping_status":"closed","template":"","meta":[],"product_brand":[],"product_cat":[1143,1060,1084,1067],"product_tag":[683,764,569,770,570],"class_list":{"0":"post-8347","1":"product","2":"type-product","3":"status-publish","4":"has-post-thumbnail","6":"product_cat-case-za-koktele","7":"product_cat-case","8":"product_cat-case-za-sok","9":"product_cat-case-za-vodo","10":"product_tag-manhattan-hr","11":"product_tag-za-ledeni-caj-hr","12":"product_tag-za-mesane-pijace-hr","13":"product_tag-za-sok-hr","14":"product_tag-za-vodu","16":"first","17":"instock","18":"shipping-taxable","19":"purchasable","20":"product-type-simple"},"_links":{"self":[{"href":"https:\/\/steklarna-rogaska.si\/hr\/wp-json\/wp\/v2\/product\/8347","targetHints":{"allow":["GET"]}}],"collection":[{"href":"https:\/\/steklarna-rogaska.si\/hr\/wp-json\/wp\/v2\/product"}],"about":[{"href":"https:\/\/steklarna-rogaska.si\/hr\/wp-json\/wp\/v2\/types\/product"}],"replies":[{"embeddable":true,"href":"https:\/\/steklarna-rogaska.si\/hr\/wp-json\/wp\/v2\/comments?post=8347"}],"wp:featuredmedia":[{"embeddable":true,"href":"https:\/\/steklarna-rogaska.si\/hr\/wp-json\/wp\/v2\/media\/8348"}],"wp:attachment":[{"href":"https:\/\/steklarna-rogaska.si\/hr\/wp-json\/wp\/v2\/media?parent=8347"}],"wp:term":[{"taxonomy":"product_brand","embeddable":true,"href":"https:\/\/steklarna-rogaska.si\/hr\/wp-json\/wp\/v2\/product_brand?post=8347"},{"taxonomy":"product_cat","embeddable":true,"href":"https:\/\/steklarna-rogaska.si\/hr\/wp-json\/wp\/v2\/product_cat?post=8347"},{"taxonomy":"product_tag","embeddable":true,"href":"https:\/\/steklarna-rogaska.si\/hr\/wp-json\/wp\/v2\/product_tag?post=8347"}],"curies":[{"name":"wp","href":"https:\/\/api.w.org\/{rel}","templated":true}]}}