{"id":8345,"date":"2020-04-23T17:35:21","date_gmt":"2020-04-23T17:35:21","guid":{"rendered":"https:\/\/steklarna-rogaska.si\/product\/manhattan-visoka-casa-set-2\/"},"modified":"2024-06-10T09:21:49","modified_gmt":"2024-06-10T09:21:49","slug":"manhattan-visoka-casa-set-2","status":"publish","type":"product","link":"https:\/\/steklarna-rogaska.si\/hr\/proizvod\/manhattan-visoka-casa-set-2\/","title":{"rendered":"MANHATTAN visoka \u010da\u0161a &#8211; set 2"},"content":{"rendered":"<p>vi\u0161ina=130 mm<\/p>\n<p>\u0161irina=81 mm<\/p>\n<p>te\u017ea= 0,6 kg<\/p>\n","protected":false},"excerpt":{"rendered":"<p>vi\u0161ina=130 mm \u0161irina=81 mm te\u017ea= 0,6 kg<\/p>\n","protected":false},"featured_media":8346,"comment_status":"closed","ping_status":"closed","template":"","meta":[],"product_brand":[],"product_cat":[1143,1060,1107,1084,1067],"product_tag":[683,764,569,770,570],"class_list":{"0":"post-8345","1":"product","2":"type-product","3":"status-publish","4":"has-post-thumbnail","6":"product_cat-case-za-koktele","7":"product_cat-case","8":"product_cat-case-za-pivo","9":"product_cat-case-za-sok","10":"product_cat-case-za-vodo","11":"product_tag-manhattan-hr","12":"product_tag-za-ledeni-caj-hr","13":"product_tag-za-mesane-pijace-hr","14":"product_tag-za-sok-hr","15":"product_tag-za-vodu","17":"first","18":"outofstock","19":"shipping-taxable","20":"purchasable","21":"product-type-simple"},"_links":{"self":[{"href":"https:\/\/steklarna-rogaska.si\/hr\/wp-json\/wp\/v2\/product\/8345","targetHints":{"allow":["GET"]}}],"collection":[{"href":"https:\/\/steklarna-rogaska.si\/hr\/wp-json\/wp\/v2\/product"}],"about":[{"href":"https:\/\/steklarna-rogaska.si\/hr\/wp-json\/wp\/v2\/types\/product"}],"replies":[{"embeddable":true,"href":"https:\/\/steklarna-rogaska.si\/hr\/wp-json\/wp\/v2\/comments?post=8345"}],"wp:featuredmedia":[{"embeddable":true,"href":"https:\/\/steklarna-rogaska.si\/hr\/wp-json\/wp\/v2\/media\/8346"}],"wp:attachment":[{"href":"https:\/\/steklarna-rogaska.si\/hr\/wp-json\/wp\/v2\/media?parent=8345"}],"wp:term":[{"taxonomy":"product_brand","embeddable":true,"href":"https:\/\/steklarna-rogaska.si\/hr\/wp-json\/wp\/v2\/product_brand?post=8345"},{"taxonomy":"product_cat","embeddable":true,"href":"https:\/\/steklarna-rogaska.si\/hr\/wp-json\/wp\/v2\/product_cat?post=8345"},{"taxonomy":"product_tag","embeddable":true,"href":"https:\/\/steklarna-rogaska.si\/hr\/wp-json\/wp\/v2\/product_tag?post=8345"}],"curies":[{"name":"wp","href":"https:\/\/api.w.org\/{rel}","templated":true}]}}