{"id":8341,"date":"2025-04-05T17:58:42","date_gmt":"2025-04-05T17:58:42","guid":{"rendered":"https:\/\/steklarna-rogaska.si\/product\/manhattan-pepeljara-za-cigare\/"},"modified":"2025-10-20T08:11:46","modified_gmt":"2025-10-20T08:11:46","slug":"manhattan-pepeljara-za-cigare","status":"publish","type":"product","link":"https:\/\/steklarna-rogaska.si\/hr\/proizvod\/manhattan-pepeljara-za-cigare\/","title":{"rendered":"MANHATTAN pepeljara za cigare"},"content":{"rendered":"<p>vi\u0161ina= 55 mm<\/p>\n<p>\u0161irina= 198 mm<\/p>\n<p>te\u017ea= 2,6 kg<\/p>\n","protected":false},"excerpt":{"rendered":"<p>vi\u0161ina= 55 mm \u0161irina= 198 mm te\u017ea= 2,6 kg<\/p>\n","protected":false},"featured_media":8342,"comment_status":"closed","ping_status":"closed","template":"","meta":[],"product_brand":[],"product_cat":[1229,1045,1034,1150],"product_tag":[683,748],"class_list":{"0":"post-8341","1":"product","2":"type-product","3":"status-publish","4":"has-post-thumbnail","6":"product_cat-poklon-program","7":"product_cat-poklon-za-njega","8":"product_cat-poslovni-pokloni","9":"product_cat-pepeljare-hr","10":"product_tag-manhattan-hr","11":"product_tag-pepelnik-hr","13":"first","14":"instock","15":"shipping-taxable","16":"purchasable","17":"product-type-simple"},"_links":{"self":[{"href":"https:\/\/steklarna-rogaska.si\/hr\/wp-json\/wp\/v2\/product\/8341","targetHints":{"allow":["GET"]}}],"collection":[{"href":"https:\/\/steklarna-rogaska.si\/hr\/wp-json\/wp\/v2\/product"}],"about":[{"href":"https:\/\/steklarna-rogaska.si\/hr\/wp-json\/wp\/v2\/types\/product"}],"replies":[{"embeddable":true,"href":"https:\/\/steklarna-rogaska.si\/hr\/wp-json\/wp\/v2\/comments?post=8341"}],"wp:featuredmedia":[{"embeddable":true,"href":"https:\/\/steklarna-rogaska.si\/hr\/wp-json\/wp\/v2\/media\/8342"}],"wp:attachment":[{"href":"https:\/\/steklarna-rogaska.si\/hr\/wp-json\/wp\/v2\/media?parent=8341"}],"wp:term":[{"taxonomy":"product_brand","embeddable":true,"href":"https:\/\/steklarna-rogaska.si\/hr\/wp-json\/wp\/v2\/product_brand?post=8341"},{"taxonomy":"product_cat","embeddable":true,"href":"https:\/\/steklarna-rogaska.si\/hr\/wp-json\/wp\/v2\/product_cat?post=8341"},{"taxonomy":"product_tag","embeddable":true,"href":"https:\/\/steklarna-rogaska.si\/hr\/wp-json\/wp\/v2\/product_tag?post=8341"}],"curies":[{"name":"wp","href":"https:\/\/api.w.org\/{rel}","templated":true}]}}