{"id":8337,"date":"2025-05-07T08:51:11","date_gmt":"2025-05-07T08:51:11","guid":{"rendered":"https:\/\/steklarna-rogaska.si\/product\/gap-casa-za-zestice-set-2\/"},"modified":"2024-06-10T09:21:41","modified_gmt":"2024-06-10T09:21:41","slug":"gap-casa-za-zestice-set-2","status":"publish","type":"product","link":"https:\/\/steklarna-rogaska.si\/hr\/proizvod\/gap-casa-za-zestice-set-2\/","title":{"rendered":"GAP \u010da\u0161a za \u017eestice- set 2"},"content":{"rendered":"<p>vi\u0161ina=99 mm<\/p>\n<p>\u2300=84 mm<\/p>\n<p>te\u017ea= 0,42 kg<\/p>\n","protected":false},"excerpt":{"rendered":"<p>vi\u0161ina=99 mm \u2300=84 mm te\u017ea= 0,42 kg<\/p>\n","protected":false},"featured_media":8338,"comment_status":"closed","ping_status":"closed","template":"","meta":[],"product_brand":[],"product_cat":[537,1059,1060,1062],"product_tag":[665,736,569,770,570,571],"class_list":{"0":"post-8337","1":"product","2":"type-product","3":"status-publish","4":"has-post-thumbnail","6":"product_cat-pribor-za-bar","7":"product_cat-case-za-viski-hr","8":"product_cat-case","9":"product_cat-case-za-viski","10":"product_tag-gap-hr","11":"product_tag-porocna-darila-hr-2","12":"product_tag-za-mesane-pijace-hr","13":"product_tag-za-sok-hr","14":"product_tag-za-vodu","15":"product_tag-za-zestice","17":"first","18":"instock","19":"shipping-taxable","20":"purchasable","21":"product-type-simple"},"_links":{"self":[{"href":"https:\/\/steklarna-rogaska.si\/hr\/wp-json\/wp\/v2\/product\/8337","targetHints":{"allow":["GET"]}}],"collection":[{"href":"https:\/\/steklarna-rogaska.si\/hr\/wp-json\/wp\/v2\/product"}],"about":[{"href":"https:\/\/steklarna-rogaska.si\/hr\/wp-json\/wp\/v2\/types\/product"}],"replies":[{"embeddable":true,"href":"https:\/\/steklarna-rogaska.si\/hr\/wp-json\/wp\/v2\/comments?post=8337"}],"wp:featuredmedia":[{"embeddable":true,"href":"https:\/\/steklarna-rogaska.si\/hr\/wp-json\/wp\/v2\/media\/8338"}],"wp:attachment":[{"href":"https:\/\/steklarna-rogaska.si\/hr\/wp-json\/wp\/v2\/media?parent=8337"}],"wp:term":[{"taxonomy":"product_brand","embeddable":true,"href":"https:\/\/steklarna-rogaska.si\/hr\/wp-json\/wp\/v2\/product_brand?post=8337"},{"taxonomy":"product_cat","embeddable":true,"href":"https:\/\/steklarna-rogaska.si\/hr\/wp-json\/wp\/v2\/product_cat?post=8337"},{"taxonomy":"product_tag","embeddable":true,"href":"https:\/\/steklarna-rogaska.si\/hr\/wp-json\/wp\/v2\/product_tag?post=8337"}],"curies":[{"name":"wp","href":"https:\/\/api.w.org\/{rel}","templated":true}]}}