{"id":8333,"date":"2025-05-07T07:04:43","date_gmt":"2025-05-07T07:04:43","guid":{"rendered":"https:\/\/steklarna-rogaska.si\/product\/manhattan-casa-set-2\/"},"modified":"2025-09-30T06:00:37","modified_gmt":"2025-09-30T06:00:37","slug":"manhattan-casa-set-2","status":"publish","type":"product","link":"https:\/\/steklarna-rogaska.si\/hr\/proizvod\/manhattan-casa-set-2\/","title":{"rendered":"MANHATTAN \u010da\u0161a &#8211; set 2"},"content":{"rendered":"<p>vi\u0161ina=111 mm<\/p>\n<p>\u0161irina=90 mm<\/p>\n<p>te\u017ea= 0,5 kg<\/p>\n","protected":false},"excerpt":{"rendered":"<p>vi\u0161ina=111 mm \u0161irina=90 mm te\u017ea= 0,5 kg<\/p>\n","protected":false},"featured_media":8334,"comment_status":"closed","ping_status":"closed","template":"","meta":[],"product_brand":[],"product_cat":[537,1059,1060,1062],"product_tag":[683,569,570,571],"class_list":{"0":"post-8333","1":"product","2":"type-product","3":"status-publish","4":"has-post-thumbnail","6":"product_cat-pribor-za-bar","7":"product_cat-case-za-viski-hr","8":"product_cat-case","9":"product_cat-case-za-viski","10":"product_tag-manhattan-hr","11":"product_tag-za-mesane-pijace-hr","12":"product_tag-za-vodu","13":"product_tag-za-zestice","15":"first","16":"instock","17":"shipping-taxable","18":"purchasable","19":"product-type-simple"},"_links":{"self":[{"href":"https:\/\/steklarna-rogaska.si\/hr\/wp-json\/wp\/v2\/product\/8333","targetHints":{"allow":["GET"]}}],"collection":[{"href":"https:\/\/steklarna-rogaska.si\/hr\/wp-json\/wp\/v2\/product"}],"about":[{"href":"https:\/\/steklarna-rogaska.si\/hr\/wp-json\/wp\/v2\/types\/product"}],"replies":[{"embeddable":true,"href":"https:\/\/steklarna-rogaska.si\/hr\/wp-json\/wp\/v2\/comments?post=8333"}],"wp:featuredmedia":[{"embeddable":true,"href":"https:\/\/steklarna-rogaska.si\/hr\/wp-json\/wp\/v2\/media\/8334"}],"wp:attachment":[{"href":"https:\/\/steklarna-rogaska.si\/hr\/wp-json\/wp\/v2\/media?parent=8333"}],"wp:term":[{"taxonomy":"product_brand","embeddable":true,"href":"https:\/\/steklarna-rogaska.si\/hr\/wp-json\/wp\/v2\/product_brand?post=8333"},{"taxonomy":"product_cat","embeddable":true,"href":"https:\/\/steklarna-rogaska.si\/hr\/wp-json\/wp\/v2\/product_cat?post=8333"},{"taxonomy":"product_tag","embeddable":true,"href":"https:\/\/steklarna-rogaska.si\/hr\/wp-json\/wp\/v2\/product_tag?post=8333"}],"curies":[{"name":"wp","href":"https:\/\/api.w.org\/{rel}","templated":true}]}}