{"id":8331,"date":"2020-04-23T18:33:12","date_gmt":"2020-04-23T18:33:12","guid":{"rendered":"https:\/\/steklarna-rogaska.si\/product\/polar-light-zdjela-33-cm-2\/"},"modified":"2024-03-07T06:12:21","modified_gmt":"2024-03-07T06:12:21","slug":"polar-light-zdjela-33-cm-2","status":"publish","type":"product","link":"https:\/\/steklarna-rogaska.si\/hr\/proizvod\/polar-light-zdjela-33-cm-2\/","title":{"rendered":"POLAR LIGHT zdjela 33 cm"},"content":{"rendered":"<p>vi\u0161ina=115 mm<\/p>\n<p>\u0161irina= 330 mm<\/p>\n<p>te\u017ea= 3,7 kg<\/p>\n","protected":false},"excerpt":{"rendered":"<p>vi\u0161ina=115 mm \u0161irina= 330 mm te\u017ea= 3,7 kg<\/p>\n","protected":false},"featured_media":8332,"comment_status":"closed","ping_status":"closed","template":"","meta":[],"product_brand":[],"product_cat":[1229,1119,1118,1034,1116,1223],"product_tag":[702],"class_list":{"0":"post-8331","1":"product","2":"type-product","3":"status-publish","4":"has-post-thumbnail","6":"product_cat-poklon-program","7":"product_cat-poklon-za-nju","8":"product_cat-poklon-za-vjencanje","9":"product_cat-poslovni-pokloni","10":"product_cat-zdjele-hr-2","11":"product_cat-zdjela-za-voce","12":"product_tag-polar-light-hr","14":"first","15":"instock","16":"shipping-taxable","17":"purchasable","18":"product-type-simple"},"_links":{"self":[{"href":"https:\/\/steklarna-rogaska.si\/hr\/wp-json\/wp\/v2\/product\/8331","targetHints":{"allow":["GET"]}}],"collection":[{"href":"https:\/\/steklarna-rogaska.si\/hr\/wp-json\/wp\/v2\/product"}],"about":[{"href":"https:\/\/steklarna-rogaska.si\/hr\/wp-json\/wp\/v2\/types\/product"}],"replies":[{"embeddable":true,"href":"https:\/\/steklarna-rogaska.si\/hr\/wp-json\/wp\/v2\/comments?post=8331"}],"wp:featuredmedia":[{"embeddable":true,"href":"https:\/\/steklarna-rogaska.si\/hr\/wp-json\/wp\/v2\/media\/8332"}],"wp:attachment":[{"href":"https:\/\/steklarna-rogaska.si\/hr\/wp-json\/wp\/v2\/media?parent=8331"}],"wp:term":[{"taxonomy":"product_brand","embeddable":true,"href":"https:\/\/steklarna-rogaska.si\/hr\/wp-json\/wp\/v2\/product_brand?post=8331"},{"taxonomy":"product_cat","embeddable":true,"href":"https:\/\/steklarna-rogaska.si\/hr\/wp-json\/wp\/v2\/product_cat?post=8331"},{"taxonomy":"product_tag","embeddable":true,"href":"https:\/\/steklarna-rogaska.si\/hr\/wp-json\/wp\/v2\/product_tag?post=8331"}],"curies":[{"name":"wp","href":"https:\/\/api.w.org\/{rel}","templated":true}]}}