{"id":8317,"date":"2025-02-28T08:42:43","date_gmt":"2025-02-28T08:42:43","guid":{"rendered":"https:\/\/steklarna-rogaska.si\/product\/polar-light-mala-zdjela-13-cm\/"},"modified":"2024-10-11T04:12:29","modified_gmt":"2024-10-11T04:12:29","slug":"polar-light-mala-zdjela-13-cm","status":"publish","type":"product","link":"https:\/\/steklarna-rogaska.si\/hr\/proizvod\/polar-light-mala-zdjela-13-cm\/","title":{"rendered":"POLAR LIGHT &#8211; mala zdjela 13 cm"},"content":{"rendered":"<p>vi\u0161ina= 74 mm<\/p>\n<p>\u0161irina= 130 mm<\/p>\n<p>te\u017ea= 0,5 kg<\/p>\n","protected":false},"excerpt":{"rendered":"<p>vi\u0161ina= 74 mm \u0161irina= 130 mm te\u017ea= 0,5 kg<\/p>\n","protected":false},"featured_media":8318,"comment_status":"closed","ping_status":"closed","template":"","meta":[],"product_brand":[],"product_cat":[1037,1038,1229,1045,1119,1035,1034,1041,1116,1117],"product_tag":[702],"class_list":{"0":"post-8317","1":"product","2":"type-product","3":"status-publish","4":"has-post-thumbnail","6":"product_cat-bozic","7":"product_cat-bozicne-dekoracije","8":"product_cat-poklon-program","9":"product_cat-poklon-za-njega","10":"product_cat-poklon-za-nju","11":"product_cat-mali-pokloni","12":"product_cat-poslovni-pokloni","13":"product_cat-bozicna-ponuda","14":"product_cat-zdjele-hr-2","15":"product_cat-zdjela-za-grickalice","16":"product_tag-polar-light-hr","18":"first","19":"instock","20":"shipping-taxable","21":"purchasable","22":"product-type-simple"},"_links":{"self":[{"href":"https:\/\/steklarna-rogaska.si\/hr\/wp-json\/wp\/v2\/product\/8317","targetHints":{"allow":["GET"]}}],"collection":[{"href":"https:\/\/steklarna-rogaska.si\/hr\/wp-json\/wp\/v2\/product"}],"about":[{"href":"https:\/\/steklarna-rogaska.si\/hr\/wp-json\/wp\/v2\/types\/product"}],"replies":[{"embeddable":true,"href":"https:\/\/steklarna-rogaska.si\/hr\/wp-json\/wp\/v2\/comments?post=8317"}],"wp:featuredmedia":[{"embeddable":true,"href":"https:\/\/steklarna-rogaska.si\/hr\/wp-json\/wp\/v2\/media\/8318"}],"wp:attachment":[{"href":"https:\/\/steklarna-rogaska.si\/hr\/wp-json\/wp\/v2\/media?parent=8317"}],"wp:term":[{"taxonomy":"product_brand","embeddable":true,"href":"https:\/\/steklarna-rogaska.si\/hr\/wp-json\/wp\/v2\/product_brand?post=8317"},{"taxonomy":"product_cat","embeddable":true,"href":"https:\/\/steklarna-rogaska.si\/hr\/wp-json\/wp\/v2\/product_cat?post=8317"},{"taxonomy":"product_tag","embeddable":true,"href":"https:\/\/steklarna-rogaska.si\/hr\/wp-json\/wp\/v2\/product_tag?post=8317"}],"curies":[{"name":"wp","href":"https:\/\/api.w.org\/{rel}","templated":true}]}}