{"id":8301,"date":"2020-04-23T18:47:43","date_gmt":"2020-04-23T18:47:43","guid":{"rendered":"https:\/\/steklarna-rogaska.si\/product\/polar-light-tanjur-18-cm\/"},"modified":"2024-06-10T09:21:47","modified_gmt":"2024-06-10T09:21:47","slug":"polar-light-tanjur-18-cm","status":"publish","type":"product","link":"https:\/\/steklarna-rogaska.si\/hr\/proizvod\/polar-light-tanjur-18-cm\/","title":{"rendered":"POLAR LIGHT &#8211; tanjur 18 cm"},"content":{"rendered":"<p>vi\u0161ina= 10 mm<\/p>\n<p>\u0161irina= 190 mm<\/p>\n<p>te\u017ea= 0,62 kg<\/p>\n","protected":false},"excerpt":{"rendered":"<p>vi\u0161ina= 10 mm \u0161irina= 190 mm te\u017ea= 0,62 kg<\/p>\n","protected":false},"featured_media":8302,"comment_status":"closed","ping_status":"closed","template":"","meta":[],"product_brand":[],"product_cat":[1037,1038,1229,1045,1119,1035,1118,1227,1047],"product_tag":[744,702,736,751],"class_list":{"0":"post-8301","1":"product","2":"type-product","3":"status-publish","4":"has-post-thumbnail","6":"product_cat-bozic","7":"product_cat-bozicne-dekoracije","8":"product_cat-poklon-program","9":"product_cat-poklon-za-njega","10":"product_cat-poklon-za-nju","11":"product_cat-mali-pokloni","12":"product_cat-poklon-za-vjencanje","13":"product_cat-tanjuri-i-pladnjevi","14":"product_cat-tanjuri","15":"product_tag-kroznik-za-pecivo-hr","16":"product_tag-polar-light-hr","17":"product_tag-porocna-darila-hr-2","18":"product_tag-poslovna-darila-hr","20":"first","21":"outofstock","22":"shipping-taxable","23":"purchasable","24":"product-type-simple"},"_links":{"self":[{"href":"https:\/\/steklarna-rogaska.si\/hr\/wp-json\/wp\/v2\/product\/8301","targetHints":{"allow":["GET"]}}],"collection":[{"href":"https:\/\/steklarna-rogaska.si\/hr\/wp-json\/wp\/v2\/product"}],"about":[{"href":"https:\/\/steklarna-rogaska.si\/hr\/wp-json\/wp\/v2\/types\/product"}],"replies":[{"embeddable":true,"href":"https:\/\/steklarna-rogaska.si\/hr\/wp-json\/wp\/v2\/comments?post=8301"}],"wp:featuredmedia":[{"embeddable":true,"href":"https:\/\/steklarna-rogaska.si\/hr\/wp-json\/wp\/v2\/media\/8302"}],"wp:attachment":[{"href":"https:\/\/steklarna-rogaska.si\/hr\/wp-json\/wp\/v2\/media?parent=8301"}],"wp:term":[{"taxonomy":"product_brand","embeddable":true,"href":"https:\/\/steklarna-rogaska.si\/hr\/wp-json\/wp\/v2\/product_brand?post=8301"},{"taxonomy":"product_cat","embeddable":true,"href":"https:\/\/steklarna-rogaska.si\/hr\/wp-json\/wp\/v2\/product_cat?post=8301"},{"taxonomy":"product_tag","embeddable":true,"href":"https:\/\/steklarna-rogaska.si\/hr\/wp-json\/wp\/v2\/product_tag?post=8301"}],"curies":[{"name":"wp","href":"https:\/\/api.w.org\/{rel}","templated":true}]}}