{"id":8295,"date":"2020-04-23T18:50:14","date_gmt":"2020-04-23T18:50:14","guid":{"rendered":"https:\/\/steklarna-rogaska.si\/product\/polar-light-vaza-25-cm\/"},"modified":"2024-03-07T06:12:21","modified_gmt":"2024-03-07T06:12:21","slug":"polar-light-vaza-25-cm","status":"publish","type":"product","link":"https:\/\/steklarna-rogaska.si\/hr\/proizvod\/polar-light-vaza-25-cm\/","title":{"rendered":"POLAR LIGHT vaza 25 cm"},"content":{"rendered":"<p>vi\u0161ina= 254 mm<\/p>\n<p>\u0161irina= 161mm<\/p>\n<p>te\u017ea= 3,6 kg<\/p>\n","protected":false},"excerpt":{"rendered":"<p>vi\u0161ina= 254 mm \u0161irina= 161mm te\u017ea= 3,6 kg<\/p>\n","protected":false},"featured_media":8296,"comment_status":"closed","ping_status":"open","template":"","meta":[],"product_brand":[],"product_cat":[1159],"product_tag":[702],"class_list":{"0":"post-8295","1":"product","2":"type-product","3":"status-publish","4":"has-post-thumbnail","6":"product_cat-vaze-hr","7":"product_tag-polar-light-hr","9":"first","10":"outofstock","11":"shipping-taxable","12":"purchasable","13":"product-type-simple"},"_links":{"self":[{"href":"https:\/\/steklarna-rogaska.si\/hr\/wp-json\/wp\/v2\/product\/8295","targetHints":{"allow":["GET"]}}],"collection":[{"href":"https:\/\/steklarna-rogaska.si\/hr\/wp-json\/wp\/v2\/product"}],"about":[{"href":"https:\/\/steklarna-rogaska.si\/hr\/wp-json\/wp\/v2\/types\/product"}],"replies":[{"embeddable":true,"href":"https:\/\/steklarna-rogaska.si\/hr\/wp-json\/wp\/v2\/comments?post=8295"}],"wp:featuredmedia":[{"embeddable":true,"href":"https:\/\/steklarna-rogaska.si\/hr\/wp-json\/wp\/v2\/media\/8296"}],"wp:attachment":[{"href":"https:\/\/steklarna-rogaska.si\/hr\/wp-json\/wp\/v2\/media?parent=8295"}],"wp:term":[{"taxonomy":"product_brand","embeddable":true,"href":"https:\/\/steklarna-rogaska.si\/hr\/wp-json\/wp\/v2\/product_brand?post=8295"},{"taxonomy":"product_cat","embeddable":true,"href":"https:\/\/steklarna-rogaska.si\/hr\/wp-json\/wp\/v2\/product_cat?post=8295"},{"taxonomy":"product_tag","embeddable":true,"href":"https:\/\/steklarna-rogaska.si\/hr\/wp-json\/wp\/v2\/product_tag?post=8295"}],"curies":[{"name":"wp","href":"https:\/\/api.w.org\/{rel}","templated":true}]}}