{"id":8293,"date":"2020-04-23T18:54:33","date_gmt":"2020-04-23T18:54:33","guid":{"rendered":"https:\/\/steklarna-rogaska.si\/product\/polar-light-zdjela-s-poklopcem-13-cm\/"},"modified":"2024-06-10T09:21:46","modified_gmt":"2024-06-10T09:21:46","slug":"polar-light-zdjela-s-poklopcem-13-cm","status":"publish","type":"product","link":"https:\/\/steklarna-rogaska.si\/hr\/proizvod\/polar-light-zdjela-s-poklopcem-13-cm\/","title":{"rendered":"POLAR LIGHT zdjela s poklopcem 13 cm"},"content":{"rendered":"<p>vi\u0161ina= 128 mm<\/p>\n<p>\u0161irina= 130 mm<\/p>\n<p>te\u017ea= 0,9 kg<\/p>\n","protected":false},"excerpt":{"rendered":"<p>vi\u0161ina= 128 mm \u0161irina= 130 mm te\u017ea= 0,9 kg<\/p>\n","protected":false},"featured_media":8294,"comment_status":"closed","ping_status":"closed","template":"","meta":[],"product_brand":[],"product_cat":[1035,1118,1034,1041,1116,1156,1117],"product_tag":[702],"class_list":{"0":"post-8293","1":"product","2":"type-product","3":"status-publish","4":"has-post-thumbnail","6":"product_cat-mali-pokloni","7":"product_cat-poklon-za-vjencanje","8":"product_cat-poslovni-pokloni","9":"product_cat-bozicna-ponuda","10":"product_cat-zdjele-hr-2","11":"product_cat-zdjela-s-poklopcem","12":"product_cat-zdjela-za-grickalice","13":"product_tag-polar-light-hr","15":"first","16":"outofstock","17":"shipping-taxable","18":"purchasable","19":"product-type-simple"},"_links":{"self":[{"href":"https:\/\/steklarna-rogaska.si\/hr\/wp-json\/wp\/v2\/product\/8293","targetHints":{"allow":["GET"]}}],"collection":[{"href":"https:\/\/steklarna-rogaska.si\/hr\/wp-json\/wp\/v2\/product"}],"about":[{"href":"https:\/\/steklarna-rogaska.si\/hr\/wp-json\/wp\/v2\/types\/product"}],"replies":[{"embeddable":true,"href":"https:\/\/steklarna-rogaska.si\/hr\/wp-json\/wp\/v2\/comments?post=8293"}],"wp:featuredmedia":[{"embeddable":true,"href":"https:\/\/steklarna-rogaska.si\/hr\/wp-json\/wp\/v2\/media\/8294"}],"wp:attachment":[{"href":"https:\/\/steklarna-rogaska.si\/hr\/wp-json\/wp\/v2\/media?parent=8293"}],"wp:term":[{"taxonomy":"product_brand","embeddable":true,"href":"https:\/\/steklarna-rogaska.si\/hr\/wp-json\/wp\/v2\/product_brand?post=8293"},{"taxonomy":"product_cat","embeddable":true,"href":"https:\/\/steklarna-rogaska.si\/hr\/wp-json\/wp\/v2\/product_cat?post=8293"},{"taxonomy":"product_tag","embeddable":true,"href":"https:\/\/steklarna-rogaska.si\/hr\/wp-json\/wp\/v2\/product_tag?post=8293"}],"curies":[{"name":"wp","href":"https:\/\/api.w.org\/{rel}","templated":true}]}}