{"id":8287,"date":"2020-04-23T15:33:26","date_gmt":"2020-04-23T15:33:26","guid":{"rendered":"https:\/\/steklarna-rogaska.si\/product\/crystallization-zdjela-21-cm\/"},"modified":"2024-06-10T09:21:37","modified_gmt":"2024-06-10T09:21:37","slug":"crystallization-zdjela-21-cm","status":"publish","type":"product","link":"https:\/\/steklarna-rogaska.si\/hr\/proizvod\/crystallization-zdjela-21-cm\/","title":{"rendered":"CRYSTALLIZATION zdjela 21 cm"},"content":{"rendered":"<p>vi\u0161ina= 111 mm<\/p>\n<p>\u0161irina=211 mm<\/p>\n<p>te\u017ea= 5,4 kg<\/p>\n","protected":false},"excerpt":{"rendered":"<p>vi\u0161ina= 111 mm \u0161irina=211 mm te\u017ea= 5,4 kg<\/p>\n","protected":false},"featured_media":8288,"comment_status":"closed","ping_status":"closed","template":"","meta":[],"product_brand":[],"product_cat":[1116,1223],"product_tag":[],"class_list":{"0":"post-8287","1":"product","2":"type-product","3":"status-publish","4":"has-post-thumbnail","6":"product_cat-zdjele-hr-2","7":"product_cat-zdjela-za-voce","9":"first","10":"instock","11":"shipping-taxable","12":"purchasable","13":"product-type-simple"},"_links":{"self":[{"href":"https:\/\/steklarna-rogaska.si\/hr\/wp-json\/wp\/v2\/product\/8287","targetHints":{"allow":["GET"]}}],"collection":[{"href":"https:\/\/steklarna-rogaska.si\/hr\/wp-json\/wp\/v2\/product"}],"about":[{"href":"https:\/\/steklarna-rogaska.si\/hr\/wp-json\/wp\/v2\/types\/product"}],"replies":[{"embeddable":true,"href":"https:\/\/steklarna-rogaska.si\/hr\/wp-json\/wp\/v2\/comments?post=8287"}],"wp:featuredmedia":[{"embeddable":true,"href":"https:\/\/steklarna-rogaska.si\/hr\/wp-json\/wp\/v2\/media\/8288"}],"wp:attachment":[{"href":"https:\/\/steklarna-rogaska.si\/hr\/wp-json\/wp\/v2\/media?parent=8287"}],"wp:term":[{"taxonomy":"product_brand","embeddable":true,"href":"https:\/\/steklarna-rogaska.si\/hr\/wp-json\/wp\/v2\/product_brand?post=8287"},{"taxonomy":"product_cat","embeddable":true,"href":"https:\/\/steklarna-rogaska.si\/hr\/wp-json\/wp\/v2\/product_cat?post=8287"},{"taxonomy":"product_tag","embeddable":true,"href":"https:\/\/steklarna-rogaska.si\/hr\/wp-json\/wp\/v2\/product_tag?post=8287"}],"curies":[{"name":"wp","href":"https:\/\/api.w.org\/{rel}","templated":true}]}}