{"id":8271,"date":"2020-04-23T15:04:40","date_gmt":"2020-04-23T15:04:40","guid":{"rendered":"https:\/\/steklarna-rogaska.si\/product\/armonia-pehar-za-pjenusac-set-2\/"},"modified":"2024-10-10T08:54:01","modified_gmt":"2024-10-10T08:54:01","slug":"armonia-pehar-za-pjenusac-set-2","status":"publish","type":"product","link":"https:\/\/steklarna-rogaska.si\/hr\/proizvod\/armonia-pehar-za-pjenusac-set-2\/","title":{"rendered":"ARMONIA \u010da\u0161a za pjenu\u0161ac &#8211; set 2"},"content":{"rendered":"<p>visina=264 mm<\/p>\n<p>\u0161irina=64 mm<\/p>\n<p>vol.= 250 ml<\/p>\n<p>te\u017eina= 0,16 kg<\/p>\n","protected":false},"excerpt":{"rendered":"<p>visina=264 mm \u0161irina=64 mm vol.= 250 ml te\u017eina= 0,16 kg<\/p>\n","protected":false},"featured_media":8272,"comment_status":"closed","ping_status":"closed","template":"","meta":[],"product_brand":[],"product_cat":[1229,1118,1034,1041,1060,1069,559,1068],"product_tag":[588,1071,1072,1073,1074,736,735,749,564],"class_list":{"0":"post-8271","1":"product","2":"type-product","3":"status-publish","4":"has-post-thumbnail","6":"product_cat-poklon-program","7":"product_cat-poklon-za-vjencanje","8":"product_cat-poslovni-pokloni","9":"product_cat-bozicna-ponuda","10":"product_cat-case","11":"product_cat-case-za-pjenusac","12":"product_cat-sve-za-vino","13":"product_cat-case-za-pjenusac-hr","14":"product_tag-armonia-hr","15":"product_tag-kelih-za-penino-hr","16":"product_tag-kozarec-za-penino-hr","17":"product_tag-peninski-kelih-hr","18":"product_tag-peninski-kozarec-hr","19":"product_tag-porocna-darila-hr-2","20":"product_tag-poroka-hr-2","21":"product_tag-poseben-dizajn-hr","22":"product_tag-za-pjenusac","24":"first","25":"instock","26":"shipping-taxable","27":"purchasable","28":"product-type-simple"},"_links":{"self":[{"href":"https:\/\/steklarna-rogaska.si\/hr\/wp-json\/wp\/v2\/product\/8271","targetHints":{"allow":["GET"]}}],"collection":[{"href":"https:\/\/steklarna-rogaska.si\/hr\/wp-json\/wp\/v2\/product"}],"about":[{"href":"https:\/\/steklarna-rogaska.si\/hr\/wp-json\/wp\/v2\/types\/product"}],"replies":[{"embeddable":true,"href":"https:\/\/steklarna-rogaska.si\/hr\/wp-json\/wp\/v2\/comments?post=8271"}],"wp:featuredmedia":[{"embeddable":true,"href":"https:\/\/steklarna-rogaska.si\/hr\/wp-json\/wp\/v2\/media\/8272"}],"wp:attachment":[{"href":"https:\/\/steklarna-rogaska.si\/hr\/wp-json\/wp\/v2\/media?parent=8271"}],"wp:term":[{"taxonomy":"product_brand","embeddable":true,"href":"https:\/\/steklarna-rogaska.si\/hr\/wp-json\/wp\/v2\/product_brand?post=8271"},{"taxonomy":"product_cat","embeddable":true,"href":"https:\/\/steklarna-rogaska.si\/hr\/wp-json\/wp\/v2\/product_cat?post=8271"},{"taxonomy":"product_tag","embeddable":true,"href":"https:\/\/steklarna-rogaska.si\/hr\/wp-json\/wp\/v2\/product_tag?post=8271"}],"curies":[{"name":"wp","href":"https:\/\/api.w.org\/{rel}","templated":true}]}}