{"id":8259,"date":"2020-04-23T19:14:00","date_gmt":"2020-04-23T19:14:00","guid":{"rendered":"https:\/\/steklarna-rogaska.si\/product\/stop-casa-za-konjak-set-2\/"},"modified":"2024-03-07T06:11:25","modified_gmt":"2024-03-07T06:11:25","slug":"stop-casa-za-konjak-set-2","status":"publish","type":"product","link":"https:\/\/steklarna-rogaska.si\/hr\/proizvod\/stop-casa-za-konjak-set-2\/","title":{"rendered":"STOP \u010da\u0161a za konjak &#8211; set 2"},"content":{"rendered":"<p>vi\u0161ina=135 mm<\/p>\n<p>\u0161irina=118 mm<\/p>\n<p>te\u017ea= 0,2 kg<\/p>\n","protected":false},"excerpt":{"rendered":"<p>vi\u0161ina=135 mm \u0161irina=118 mm te\u017ea= 0,2 kg<\/p>\n","protected":false},"featured_media":8260,"comment_status":"closed","ping_status":"open","template":"","meta":[],"product_brand":[],"product_cat":[537,1063,1060,1064],"product_tag":[730,762],"class_list":{"0":"post-8259","1":"product","2":"type-product","3":"status-publish","4":"has-post-thumbnail","6":"product_cat-pribor-za-bar","7":"product_cat-case-za-konjak-hr","8":"product_cat-case","9":"product_cat-case-za-konjak","10":"product_tag-stop-hr","11":"product_tag-za-konjak-hr","13":"first","14":"instock","15":"shipping-taxable","16":"purchasable","17":"product-type-simple"},"_links":{"self":[{"href":"https:\/\/steklarna-rogaska.si\/hr\/wp-json\/wp\/v2\/product\/8259","targetHints":{"allow":["GET"]}}],"collection":[{"href":"https:\/\/steklarna-rogaska.si\/hr\/wp-json\/wp\/v2\/product"}],"about":[{"href":"https:\/\/steklarna-rogaska.si\/hr\/wp-json\/wp\/v2\/types\/product"}],"replies":[{"embeddable":true,"href":"https:\/\/steklarna-rogaska.si\/hr\/wp-json\/wp\/v2\/comments?post=8259"}],"wp:featuredmedia":[{"embeddable":true,"href":"https:\/\/steklarna-rogaska.si\/hr\/wp-json\/wp\/v2\/media\/8260"}],"wp:attachment":[{"href":"https:\/\/steklarna-rogaska.si\/hr\/wp-json\/wp\/v2\/media?parent=8259"}],"wp:term":[{"taxonomy":"product_brand","embeddable":true,"href":"https:\/\/steklarna-rogaska.si\/hr\/wp-json\/wp\/v2\/product_brand?post=8259"},{"taxonomy":"product_cat","embeddable":true,"href":"https:\/\/steklarna-rogaska.si\/hr\/wp-json\/wp\/v2\/product_cat?post=8259"},{"taxonomy":"product_tag","embeddable":true,"href":"https:\/\/steklarna-rogaska.si\/hr\/wp-json\/wp\/v2\/product_tag?post=8259"}],"curies":[{"name":"wp","href":"https:\/\/api.w.org\/{rel}","templated":true}]}}