{"id":8255,"date":"2020-04-23T19:19:02","date_gmt":"2020-04-23T19:19:02","guid":{"rendered":"https:\/\/steklarna-rogaska.si\/product\/stop-casa-za-rum-set-2\/"},"modified":"2024-03-07T06:11:25","modified_gmt":"2024-03-07T06:11:25","slug":"stop-casa-za-rum-set-2","status":"publish","type":"product","link":"https:\/\/steklarna-rogaska.si\/hr\/proizvod\/stop-casa-za-rum-set-2\/","title":{"rendered":"STOP \u010da\u0161a za rum &#8211; set 2"},"content":{"rendered":"<p>vi\u0161ina=102 mm<\/p>\n<p>\u0161irina=88 mm<\/p>\n<p>te\u017ea= 0,13 kg<\/p>\n<p>&nbsp;<\/p>\n","protected":false},"excerpt":{"rendered":"<p>vi\u0161ina=102 mm \u0161irina=88 mm te\u017ea= 0,13 kg &nbsp;<\/p>\n","protected":false},"featured_media":8256,"comment_status":"closed","ping_status":"open","template":"","meta":[],"product_brand":[],"product_cat":[537,1058,1229,1045,1034,1041,1061],"product_tag":[730,571],"class_list":{"0":"post-8255","1":"product","2":"type-product","3":"status-publish","4":"has-post-thumbnail","6":"product_cat-pribor-za-bar","7":"product_cat-case-za-zestoka-pica-hr","8":"product_cat-poklon-program","9":"product_cat-poklon-za-njega","10":"product_cat-poslovni-pokloni","11":"product_cat-bozicna-ponuda","12":"product_cat-casa-za-zestoka-pica","13":"product_tag-stop-hr","14":"product_tag-za-zestice","16":"first","17":"instock","18":"shipping-taxable","19":"purchasable","20":"product-type-simple"},"_links":{"self":[{"href":"https:\/\/steklarna-rogaska.si\/hr\/wp-json\/wp\/v2\/product\/8255","targetHints":{"allow":["GET"]}}],"collection":[{"href":"https:\/\/steklarna-rogaska.si\/hr\/wp-json\/wp\/v2\/product"}],"about":[{"href":"https:\/\/steklarna-rogaska.si\/hr\/wp-json\/wp\/v2\/types\/product"}],"replies":[{"embeddable":true,"href":"https:\/\/steklarna-rogaska.si\/hr\/wp-json\/wp\/v2\/comments?post=8255"}],"wp:featuredmedia":[{"embeddable":true,"href":"https:\/\/steklarna-rogaska.si\/hr\/wp-json\/wp\/v2\/media\/8256"}],"wp:attachment":[{"href":"https:\/\/steklarna-rogaska.si\/hr\/wp-json\/wp\/v2\/media?parent=8255"}],"wp:term":[{"taxonomy":"product_brand","embeddable":true,"href":"https:\/\/steklarna-rogaska.si\/hr\/wp-json\/wp\/v2\/product_brand?post=8255"},{"taxonomy":"product_cat","embeddable":true,"href":"https:\/\/steklarna-rogaska.si\/hr\/wp-json\/wp\/v2\/product_cat?post=8255"},{"taxonomy":"product_tag","embeddable":true,"href":"https:\/\/steklarna-rogaska.si\/hr\/wp-json\/wp\/v2\/product_tag?post=8255"}],"curies":[{"name":"wp","href":"https:\/\/api.w.org\/{rel}","templated":true}]}}