{"id":8249,"date":"2020-04-23T14:43:12","date_gmt":"2020-04-23T14:43:12","guid":{"rendered":"https:\/\/steklarna-rogaska.si\/product\/aria-pehar-za-pjenusac-set-2\/"},"modified":"2024-03-07T06:11:32","modified_gmt":"2024-03-07T06:11:32","slug":"aria-pehar-za-pjenusac-set-2","status":"publish","type":"product","link":"https:\/\/steklarna-rogaska.si\/hr\/proizvod\/aria-pehar-za-pjenusac-set-2\/","title":{"rendered":"ARIA \u010da\u0161a za pjenu\u0161ac &#8211; set 2"},"content":{"rendered":"<p>visina=247mm<\/p>\n<p>\u0161irina=63mm<\/p>\n<p>te\u017eina= 0,1 kg<\/p>\n","protected":false},"excerpt":{"rendered":"<p>visina=247mm \u0161irina=63mm te\u017eina= 0,1 kg<\/p>\n","protected":false},"featured_media":8250,"comment_status":"closed","ping_status":"open","template":"","meta":[],"product_brand":[],"product_cat":[1229,1045,1119,1118,1034,1041,1060,1078,559,1068],"product_tag":[597,1071,1072,1073,1074,736,735,564],"class_list":{"0":"post-8249","1":"product","2":"type-product","3":"status-publish","4":"has-post-thumbnail","6":"product_cat-poklon-program","7":"product_cat-poklon-za-njega","8":"product_cat-poklon-za-nju","9":"product_cat-poklon-za-vjencanje","10":"product_cat-poslovni-pokloni","11":"product_cat-bozicna-ponuda","12":"product_cat-case","13":"product_cat-case-za-vino","14":"product_cat-sve-za-vino","15":"product_cat-case-za-pjenusac-hr","16":"product_tag-aria-hr","17":"product_tag-kelih-za-penino-hr","18":"product_tag-kozarec-za-penino-hr","19":"product_tag-peninski-kelih-hr","20":"product_tag-peninski-kozarec-hr","21":"product_tag-porocna-darila-hr-2","22":"product_tag-poroka-hr-2","23":"product_tag-za-pjenusac","25":"first","26":"instock","27":"shipping-taxable","28":"purchasable","29":"product-type-simple"},"_links":{"self":[{"href":"https:\/\/steklarna-rogaska.si\/hr\/wp-json\/wp\/v2\/product\/8249","targetHints":{"allow":["GET"]}}],"collection":[{"href":"https:\/\/steklarna-rogaska.si\/hr\/wp-json\/wp\/v2\/product"}],"about":[{"href":"https:\/\/steklarna-rogaska.si\/hr\/wp-json\/wp\/v2\/types\/product"}],"replies":[{"embeddable":true,"href":"https:\/\/steklarna-rogaska.si\/hr\/wp-json\/wp\/v2\/comments?post=8249"}],"wp:featuredmedia":[{"embeddable":true,"href":"https:\/\/steklarna-rogaska.si\/hr\/wp-json\/wp\/v2\/media\/8250"}],"wp:attachment":[{"href":"https:\/\/steklarna-rogaska.si\/hr\/wp-json\/wp\/v2\/media?parent=8249"}],"wp:term":[{"taxonomy":"product_brand","embeddable":true,"href":"https:\/\/steklarna-rogaska.si\/hr\/wp-json\/wp\/v2\/product_brand?post=8249"},{"taxonomy":"product_cat","embeddable":true,"href":"https:\/\/steklarna-rogaska.si\/hr\/wp-json\/wp\/v2\/product_cat?post=8249"},{"taxonomy":"product_tag","embeddable":true,"href":"https:\/\/steklarna-rogaska.si\/hr\/wp-json\/wp\/v2\/product_tag?post=8249"}],"curies":[{"name":"wp","href":"https:\/\/api.w.org\/{rel}","templated":true}]}}