{"id":8229,"date":"2025-06-17T06:31:54","date_gmt":"2025-06-17T06:31:54","guid":{"rendered":"https:\/\/steklarna-rogaska.si\/product\/flame-casa-za-vodu-sok-set-2\/"},"modified":"2024-03-07T06:12:31","modified_gmt":"2024-03-07T06:12:31","slug":"flame-casa-za-vodu-sok-set-2","status":"publish","type":"product","link":"https:\/\/steklarna-rogaska.si\/hr\/proizvod\/flame-casa-za-vodu-sok-set-2\/","title":{"rendered":"FLAME \u010da\u0161a za vodu\/sok &#8211; set 2"},"content":{"rendered":"<p>vi\u0161ina = 135 mm<br \/>\n\u0161irina = 72 mm<br \/>\nte\u017ea = 0,4 kg<\/p>\n","protected":false},"excerpt":{"rendered":"<p>vi\u0161ina = 135 mm \u0161irina = 72 mm te\u017ea = 0,4 kg<\/p>\n","protected":false},"featured_media":8230,"comment_status":"closed","ping_status":"closed","template":"","meta":[],"product_brand":[],"product_cat":[537,1143,1060,1084,1067,559,561],"product_tag":[604,573],"class_list":{"0":"post-8229","1":"product","2":"type-product","3":"status-publish","4":"has-post-thumbnail","6":"product_cat-pribor-za-bar","7":"product_cat-case-za-koktele","8":"product_cat-case","9":"product_cat-case-za-sok","10":"product_cat-case-za-vodo","11":"product_cat-sve-za-vino","12":"product_cat-case-za-vodu","13":"product_tag-bellevue-hr","14":"product_tag-za-vodu-pivo-sok-mesane-pijace","16":"first","17":"instock","18":"shipping-taxable","19":"purchasable","20":"product-type-simple"},"_links":{"self":[{"href":"https:\/\/steklarna-rogaska.si\/hr\/wp-json\/wp\/v2\/product\/8229","targetHints":{"allow":["GET"]}}],"collection":[{"href":"https:\/\/steklarna-rogaska.si\/hr\/wp-json\/wp\/v2\/product"}],"about":[{"href":"https:\/\/steklarna-rogaska.si\/hr\/wp-json\/wp\/v2\/types\/product"}],"replies":[{"embeddable":true,"href":"https:\/\/steklarna-rogaska.si\/hr\/wp-json\/wp\/v2\/comments?post=8229"}],"wp:featuredmedia":[{"embeddable":true,"href":"https:\/\/steklarna-rogaska.si\/hr\/wp-json\/wp\/v2\/media\/8230"}],"wp:attachment":[{"href":"https:\/\/steklarna-rogaska.si\/hr\/wp-json\/wp\/v2\/media?parent=8229"}],"wp:term":[{"taxonomy":"product_brand","embeddable":true,"href":"https:\/\/steklarna-rogaska.si\/hr\/wp-json\/wp\/v2\/product_brand?post=8229"},{"taxonomy":"product_cat","embeddable":true,"href":"https:\/\/steklarna-rogaska.si\/hr\/wp-json\/wp\/v2\/product_cat?post=8229"},{"taxonomy":"product_tag","embeddable":true,"href":"https:\/\/steklarna-rogaska.si\/hr\/wp-json\/wp\/v2\/product_tag?post=8229"}],"curies":[{"name":"wp","href":"https:\/\/api.w.org\/{rel}","templated":true}]}}