{"id":8215,"date":"2019-12-28T09:31:30","date_gmt":"2019-12-28T09:31:30","guid":{"rendered":"https:\/\/steklarna-rogaska.si\/product\/flame-pehar-za-bijelo-vino-set-2\/"},"modified":"2024-03-07T06:12:16","modified_gmt":"2024-03-07T06:12:16","slug":"flame-pehar-za-bijelo-vino-set-2","status":"publish","type":"product","link":"https:\/\/steklarna-rogaska.si\/hr\/proizvod\/flame-pehar-za-bijelo-vino-set-2\/","title":{"rendered":"FLAME \u010da\u0161a za bijelo vino &#8211; set 2"},"content":{"rendered":"<p>vi\u0161ina = 229 mm<br \/>\n\u0161irina = 69 mm<br \/>\nte\u017ea = 0,3 kg<\/p>\n","protected":false},"excerpt":{"rendered":"<p>vi\u0161ina = 229 mm \u0161irina = 69 mm te\u017ea = 0,3 kg<\/p>\n","protected":false},"featured_media":8216,"comment_status":"closed","ping_status":"open","template":"","meta":[],"product_brand":[],"product_cat":[1060,1078,559,1077],"product_tag":[662,1079,1115,567],"class_list":{"0":"post-8215","1":"product","2":"type-product","3":"status-publish","4":"has-post-thumbnail","6":"product_cat-case","7":"product_cat-case-za-vino","8":"product_cat-sve-za-vino","9":"product_cat-case-za-vino-hr","10":"product_tag-flame-hr","11":"product_tag-kozarec-za-vino-hr","12":"product_tag-vinski-kelih-hr","13":"product_tag-za-bijelo-vino","15":"first","16":"outofstock","17":"shipping-taxable","18":"purchasable","19":"product-type-simple"},"_links":{"self":[{"href":"https:\/\/steklarna-rogaska.si\/hr\/wp-json\/wp\/v2\/product\/8215","targetHints":{"allow":["GET"]}}],"collection":[{"href":"https:\/\/steklarna-rogaska.si\/hr\/wp-json\/wp\/v2\/product"}],"about":[{"href":"https:\/\/steklarna-rogaska.si\/hr\/wp-json\/wp\/v2\/types\/product"}],"replies":[{"embeddable":true,"href":"https:\/\/steklarna-rogaska.si\/hr\/wp-json\/wp\/v2\/comments?post=8215"}],"wp:featuredmedia":[{"embeddable":true,"href":"https:\/\/steklarna-rogaska.si\/hr\/wp-json\/wp\/v2\/media\/8216"}],"wp:attachment":[{"href":"https:\/\/steklarna-rogaska.si\/hr\/wp-json\/wp\/v2\/media?parent=8215"}],"wp:term":[{"taxonomy":"product_brand","embeddable":true,"href":"https:\/\/steklarna-rogaska.si\/hr\/wp-json\/wp\/v2\/product_brand?post=8215"},{"taxonomy":"product_cat","embeddable":true,"href":"https:\/\/steklarna-rogaska.si\/hr\/wp-json\/wp\/v2\/product_cat?post=8215"},{"taxonomy":"product_tag","embeddable":true,"href":"https:\/\/steklarna-rogaska.si\/hr\/wp-json\/wp\/v2\/product_tag?post=8215"}],"curies":[{"name":"wp","href":"https:\/\/api.w.org\/{rel}","templated":true}]}}