{"id":8209,"date":"2019-12-28T09:31:30","date_gmt":"2019-12-28T09:31:30","guid":{"rendered":"https:\/\/steklarna-rogaska.si\/product\/olymp-boca-2\/"},"modified":"2024-03-07T06:11:51","modified_gmt":"2024-03-07T06:11:51","slug":"olymp-boca-2","status":"publish","type":"product","link":"https:\/\/steklarna-rogaska.si\/hr\/proizvod\/olymp-boca-2\/","title":{"rendered":"OLYMP boca"},"content":{"rendered":"<p>vi\u0161ina = 387 mm<br \/>\n\u0161irina = 110 mm<br \/>\nte\u017ea = 1,3 kg<\/p>\n","protected":false},"excerpt":{"rendered":"<p>vi\u0161ina = 387 mm \u0161irina = 110 mm te\u017ea = 1,3 kg<\/p>\n","protected":false},"featured_media":8210,"comment_status":"closed","ping_status":"open","template":"","meta":[],"product_brand":[],"product_cat":[1051,1055,1054,1053,1052,559,1050],"product_tag":[693,568],"class_list":{"0":"post-8209","1":"product","2":"type-product","3":"status-publish","4":"has-post-thumbnail","6":"product_cat-boce-dekanteri-bokali-vrcevi","7":"product_cat-dekanter-za-vino-hr","8":"product_cat-boca-za-vino-hr","9":"product_cat-boca-za-vodu","10":"product_cat-boca-za-zastoka-pica","11":"product_cat-sve-za-vino","12":"product_cat-boca-za-vino-hr-hr","13":"product_tag-olymp-hr","14":"product_tag-za-dekantiranje-hr","16":"first","17":"outofstock","18":"shipping-taxable","19":"purchasable","20":"product-type-simple"},"_links":{"self":[{"href":"https:\/\/steklarna-rogaska.si\/hr\/wp-json\/wp\/v2\/product\/8209","targetHints":{"allow":["GET"]}}],"collection":[{"href":"https:\/\/steklarna-rogaska.si\/hr\/wp-json\/wp\/v2\/product"}],"about":[{"href":"https:\/\/steklarna-rogaska.si\/hr\/wp-json\/wp\/v2\/types\/product"}],"replies":[{"embeddable":true,"href":"https:\/\/steklarna-rogaska.si\/hr\/wp-json\/wp\/v2\/comments?post=8209"}],"wp:featuredmedia":[{"embeddable":true,"href":"https:\/\/steklarna-rogaska.si\/hr\/wp-json\/wp\/v2\/media\/8210"}],"wp:attachment":[{"href":"https:\/\/steklarna-rogaska.si\/hr\/wp-json\/wp\/v2\/media?parent=8209"}],"wp:term":[{"taxonomy":"product_brand","embeddable":true,"href":"https:\/\/steklarna-rogaska.si\/hr\/wp-json\/wp\/v2\/product_brand?post=8209"},{"taxonomy":"product_cat","embeddable":true,"href":"https:\/\/steklarna-rogaska.si\/hr\/wp-json\/wp\/v2\/product_cat?post=8209"},{"taxonomy":"product_tag","embeddable":true,"href":"https:\/\/steklarna-rogaska.si\/hr\/wp-json\/wp\/v2\/product_tag?post=8209"}],"curies":[{"name":"wp","href":"https:\/\/api.w.org\/{rel}","templated":true}]}}