{"id":8195,"date":"2019-12-28T09:31:08","date_gmt":"2019-12-28T09:31:08","guid":{"rendered":"https:\/\/steklarna-rogaska.si\/product\/olymp-brandy-set-of-2\/"},"modified":"2024-03-07T06:11:56","modified_gmt":"2024-03-07T06:11:56","slug":"olymp-brandy-set-of-2","status":"publish","type":"product","link":"https:\/\/steklarna-rogaska.si\/hr\/proizvod\/olymp-brandy-set-of-2\/","title":{"rendered":"OLYMP konjak &#8211; set 2"},"content":{"rendered":"<p>vi\u0161ina = 144 mm<br \/>\n\u0161irina = 102 mm<br \/>\nte\u017ea = 0,5 kg<\/p>\n","protected":false},"excerpt":{"rendered":"<p>vi\u0161ina = 144 mm \u0161irina = 102 mm te\u017ea = 0,5 kg<\/p>\n","protected":false},"featured_media":8196,"comment_status":"closed","ping_status":"open","template":"","meta":[],"product_brand":[],"product_cat":[537,1063,1060,1064],"product_tag":[693,762],"class_list":{"0":"post-8195","1":"product","2":"type-product","3":"status-publish","4":"has-post-thumbnail","6":"product_cat-pribor-za-bar","7":"product_cat-case-za-konjak-hr","8":"product_cat-case","9":"product_cat-case-za-konjak","10":"product_tag-olymp-hr","11":"product_tag-za-konjak-hr","13":"first","14":"outofstock","15":"shipping-taxable","16":"purchasable","17":"product-type-simple"},"_links":{"self":[{"href":"https:\/\/steklarna-rogaska.si\/hr\/wp-json\/wp\/v2\/product\/8195","targetHints":{"allow":["GET"]}}],"collection":[{"href":"https:\/\/steklarna-rogaska.si\/hr\/wp-json\/wp\/v2\/product"}],"about":[{"href":"https:\/\/steklarna-rogaska.si\/hr\/wp-json\/wp\/v2\/types\/product"}],"replies":[{"embeddable":true,"href":"https:\/\/steklarna-rogaska.si\/hr\/wp-json\/wp\/v2\/comments?post=8195"}],"wp:featuredmedia":[{"embeddable":true,"href":"https:\/\/steklarna-rogaska.si\/hr\/wp-json\/wp\/v2\/media\/8196"}],"wp:attachment":[{"href":"https:\/\/steklarna-rogaska.si\/hr\/wp-json\/wp\/v2\/media?parent=8195"}],"wp:term":[{"taxonomy":"product_brand","embeddable":true,"href":"https:\/\/steklarna-rogaska.si\/hr\/wp-json\/wp\/v2\/product_brand?post=8195"},{"taxonomy":"product_cat","embeddable":true,"href":"https:\/\/steklarna-rogaska.si\/hr\/wp-json\/wp\/v2\/product_cat?post=8195"},{"taxonomy":"product_tag","embeddable":true,"href":"https:\/\/steklarna-rogaska.si\/hr\/wp-json\/wp\/v2\/product_tag?post=8195"}],"curies":[{"name":"wp","href":"https:\/\/api.w.org\/{rel}","templated":true}]}}