{"id":8193,"date":"2019-12-28T09:31:08","date_gmt":"2019-12-28T09:31:08","guid":{"rendered":"https:\/\/steklarna-rogaska.si\/product\/olymp-casa-za-zestice-set-2\/"},"modified":"2026-04-02T09:25:28","modified_gmt":"2026-04-02T09:25:28","slug":"olymp-casa-za-zestice-set-2","status":"publish","type":"product","link":"https:\/\/steklarna-rogaska.si\/hr\/proizvod\/olymp-casa-za-zestice-set-2\/","title":{"rendered":"OLYMP \u010da\u0161a za \u017eestice &#8211; set 2"},"content":{"rendered":"<p>vi\u0161ina = 83 mm<br \/>\n\u0161irina = 39 mm<br \/>\nte\u017ea = 0,2 kg<\/p>\n","protected":false},"excerpt":{"rendered":"<p>vi\u0161ina = 83 mm \u0161irina = 39 mm te\u017ea = 0,2 kg<\/p>\n","protected":false},"featured_media":8194,"comment_status":"closed","ping_status":"closed","template":"","meta":[],"product_brand":[],"product_cat":[537,1058,1060,1061],"product_tag":[693,571],"class_list":{"0":"post-8193","1":"product","2":"type-product","3":"status-publish","4":"has-post-thumbnail","6":"product_cat-pribor-za-bar","7":"product_cat-case-za-zestoka-pica-hr","8":"product_cat-case","9":"product_cat-casa-za-zestoka-pica","10":"product_tag-olymp-hr","11":"product_tag-za-zestice","13":"first","14":"instock","15":"shipping-taxable","16":"purchasable","17":"product-type-simple"},"_links":{"self":[{"href":"https:\/\/steklarna-rogaska.si\/hr\/wp-json\/wp\/v2\/product\/8193","targetHints":{"allow":["GET"]}}],"collection":[{"href":"https:\/\/steklarna-rogaska.si\/hr\/wp-json\/wp\/v2\/product"}],"about":[{"href":"https:\/\/steklarna-rogaska.si\/hr\/wp-json\/wp\/v2\/types\/product"}],"replies":[{"embeddable":true,"href":"https:\/\/steklarna-rogaska.si\/hr\/wp-json\/wp\/v2\/comments?post=8193"}],"wp:featuredmedia":[{"embeddable":true,"href":"https:\/\/steklarna-rogaska.si\/hr\/wp-json\/wp\/v2\/media\/8194"}],"wp:attachment":[{"href":"https:\/\/steklarna-rogaska.si\/hr\/wp-json\/wp\/v2\/media?parent=8193"}],"wp:term":[{"taxonomy":"product_brand","embeddable":true,"href":"https:\/\/steklarna-rogaska.si\/hr\/wp-json\/wp\/v2\/product_brand?post=8193"},{"taxonomy":"product_cat","embeddable":true,"href":"https:\/\/steklarna-rogaska.si\/hr\/wp-json\/wp\/v2\/product_cat?post=8193"},{"taxonomy":"product_tag","embeddable":true,"href":"https:\/\/steklarna-rogaska.si\/hr\/wp-json\/wp\/v2\/product_tag?post=8193"}],"curies":[{"name":"wp","href":"https:\/\/api.w.org\/{rel}","templated":true}]}}