{"id":8189,"date":"2019-12-28T09:31:08","date_gmt":"2019-12-28T09:31:08","guid":{"rendered":"https:\/\/steklarna-rogaska.si\/product\/olymp-dof-set-of-2\/"},"modified":"2024-06-10T09:21:31","modified_gmt":"2024-06-10T09:21:31","slug":"olymp-dof-set-of-2","status":"publish","type":"product","link":"https:\/\/steklarna-rogaska.si\/hr\/proizvod\/olymp-dof-set-of-2\/","title":{"rendered":"OLYMP DOF &#8211; set 2"},"content":{"rendered":"<p>vi\u0161ina = 98 mm<br \/>\n\u0161irina = 84 mm<br \/>\nte\u017ea = 0,4 kg<\/p>\n","protected":false},"excerpt":{"rendered":"<p>vi\u0161ina = 98 mm \u0161irina = 84 mm te\u017ea = 0,4 kg<\/p>\n","protected":false},"featured_media":8190,"comment_status":"closed","ping_status":"closed","template":"","meta":[],"product_brand":[],"product_cat":[537,1059,1060,1062],"product_tag":[693,569,570,571],"class_list":{"0":"post-8189","1":"product","2":"type-product","3":"status-publish","4":"has-post-thumbnail","6":"product_cat-pribor-za-bar","7":"product_cat-case-za-viski-hr","8":"product_cat-case","9":"product_cat-case-za-viski","10":"product_tag-olymp-hr","11":"product_tag-za-mesane-pijace-hr","12":"product_tag-za-vodu","13":"product_tag-za-zestice","15":"first","16":"instock","17":"shipping-taxable","18":"purchasable","19":"product-type-simple"},"_links":{"self":[{"href":"https:\/\/steklarna-rogaska.si\/hr\/wp-json\/wp\/v2\/product\/8189","targetHints":{"allow":["GET"]}}],"collection":[{"href":"https:\/\/steklarna-rogaska.si\/hr\/wp-json\/wp\/v2\/product"}],"about":[{"href":"https:\/\/steklarna-rogaska.si\/hr\/wp-json\/wp\/v2\/types\/product"}],"replies":[{"embeddable":true,"href":"https:\/\/steklarna-rogaska.si\/hr\/wp-json\/wp\/v2\/comments?post=8189"}],"wp:featuredmedia":[{"embeddable":true,"href":"https:\/\/steklarna-rogaska.si\/hr\/wp-json\/wp\/v2\/media\/8190"}],"wp:attachment":[{"href":"https:\/\/steklarna-rogaska.si\/hr\/wp-json\/wp\/v2\/media?parent=8189"}],"wp:term":[{"taxonomy":"product_brand","embeddable":true,"href":"https:\/\/steklarna-rogaska.si\/hr\/wp-json\/wp\/v2\/product_brand?post=8189"},{"taxonomy":"product_cat","embeddable":true,"href":"https:\/\/steklarna-rogaska.si\/hr\/wp-json\/wp\/v2\/product_cat?post=8189"},{"taxonomy":"product_tag","embeddable":true,"href":"https:\/\/steklarna-rogaska.si\/hr\/wp-json\/wp\/v2\/product_tag?post=8189"}],"curies":[{"name":"wp","href":"https:\/\/api.w.org\/{rel}","templated":true}]}}