{"id":8177,"date":"2019-12-28T09:31:08","date_gmt":"2019-12-28T09:31:08","guid":{"rendered":"https:\/\/steklarna-rogaska.si\/product\/olymp-pehar-za-crveno-vino-set-2\/"},"modified":"2024-06-10T09:21:28","modified_gmt":"2024-06-10T09:21:28","slug":"olymp-pehar-za-crveno-vino-set-2","status":"publish","type":"product","link":"https:\/\/steklarna-rogaska.si\/hr\/proizvod\/olymp-pehar-za-crveno-vino-set-2\/","title":{"rendered":"OLYMP \u010da\u0161a za crveno vino &#8211; set 2"},"content":{"rendered":"<p>vi\u0161ina = 229 mm<br \/>\n\u0161irina = 78 mm<br \/>\nte\u017ea = 0,3 kg<\/p>\n","protected":false},"excerpt":{"rendered":"<p>vi\u0161ina = 229 mm \u0161irina = 78 mm te\u017ea = 0,3 kg<\/p>\n","protected":false},"featured_media":8178,"comment_status":"closed","ping_status":"closed","template":"","meta":[],"product_brand":[],"product_cat":[1060,1078,559,1077],"product_tag":[1079,693,1115,566,687],"class_list":{"0":"post-8177","1":"product","2":"type-product","3":"status-publish","4":"has-post-thumbnail","6":"product_cat-case","7":"product_cat-case-za-vino","8":"product_cat-sve-za-vino","9":"product_cat-case-za-vino-hr","10":"product_tag-kozarec-za-vino-hr","11":"product_tag-olymp-hr","12":"product_tag-vinski-kelih-hr","13":"product_tag-za-crveno-vino","14":"product_tag-za-vino-hr-2","16":"first","17":"instock","18":"shipping-taxable","19":"purchasable","20":"product-type-simple"},"_links":{"self":[{"href":"https:\/\/steklarna-rogaska.si\/hr\/wp-json\/wp\/v2\/product\/8177","targetHints":{"allow":["GET"]}}],"collection":[{"href":"https:\/\/steklarna-rogaska.si\/hr\/wp-json\/wp\/v2\/product"}],"about":[{"href":"https:\/\/steklarna-rogaska.si\/hr\/wp-json\/wp\/v2\/types\/product"}],"replies":[{"embeddable":true,"href":"https:\/\/steklarna-rogaska.si\/hr\/wp-json\/wp\/v2\/comments?post=8177"}],"wp:featuredmedia":[{"embeddable":true,"href":"https:\/\/steklarna-rogaska.si\/hr\/wp-json\/wp\/v2\/media\/8178"}],"wp:attachment":[{"href":"https:\/\/steklarna-rogaska.si\/hr\/wp-json\/wp\/v2\/media?parent=8177"}],"wp:term":[{"taxonomy":"product_brand","embeddable":true,"href":"https:\/\/steklarna-rogaska.si\/hr\/wp-json\/wp\/v2\/product_brand?post=8177"},{"taxonomy":"product_cat","embeddable":true,"href":"https:\/\/steklarna-rogaska.si\/hr\/wp-json\/wp\/v2\/product_cat?post=8177"},{"taxonomy":"product_tag","embeddable":true,"href":"https:\/\/steklarna-rogaska.si\/hr\/wp-json\/wp\/v2\/product_tag?post=8177"}],"curies":[{"name":"wp","href":"https:\/\/api.w.org\/{rel}","templated":true}]}}