{"id":8159,"date":"2019-12-28T09:30:45","date_gmt":"2019-12-28T09:30:45","guid":{"rendered":"https:\/\/steklarna-rogaska.si\/product\/ornaments-snjegovic-i-rudolf-set-2\/"},"modified":"2026-01-01T10:06:59","modified_gmt":"2026-01-01T10:06:59","slug":"ukras-ta-bor-snjesko-i-rudolf-set-2","status":"publish","type":"product","link":"https:\/\/steklarna-rogaska.si\/hr\/proizvod\/ukras-ta-bor-snjesko-i-rudolf-set-2\/","title":{"rendered":"UKRAS TA BOR &#8211; Snje\u0161ko i Rudolf &#8211; Set 2"},"content":{"rendered":"<p>vi\u0161ina = 74 mm<br \/>\n\u0161irina = 60 mm<br \/>\nte\u017eina = 0,07 kg<\/p>\n","protected":false},"excerpt":{"rendered":"<p>vi\u0161ina = 74 mm \u0161irina = 60 mm te\u017eina = 0,07 kg<\/p>\n","protected":false},"featured_media":8160,"comment_status":"closed","ping_status":"closed","template":"","meta":[],"product_brand":[],"product_cat":[1037,1144,1229,1035,1034,1041],"product_tag":[747,695,752],"class_list":{"0":"post-8159","1":"product","2":"type-product","3":"status-publish","4":"has-post-thumbnail","6":"product_cat-bozic","7":"product_cat-ukrasi-za-bor","8":"product_cat-poklon-program","9":"product_cat-mali-pokloni","10":"product_cat-poslovni-pokloni","11":"product_cat-bozicna-ponuda","12":"product_tag-okraski-hr","13":"product_tag-ornaments-hr","14":"product_tag-praznicna-darila-hr","16":"first","17":"instock","18":"shipping-taxable","19":"purchasable","20":"product-type-simple"},"_links":{"self":[{"href":"https:\/\/steklarna-rogaska.si\/hr\/wp-json\/wp\/v2\/product\/8159","targetHints":{"allow":["GET"]}}],"collection":[{"href":"https:\/\/steklarna-rogaska.si\/hr\/wp-json\/wp\/v2\/product"}],"about":[{"href":"https:\/\/steklarna-rogaska.si\/hr\/wp-json\/wp\/v2\/types\/product"}],"replies":[{"embeddable":true,"href":"https:\/\/steklarna-rogaska.si\/hr\/wp-json\/wp\/v2\/comments?post=8159"}],"wp:featuredmedia":[{"embeddable":true,"href":"https:\/\/steklarna-rogaska.si\/hr\/wp-json\/wp\/v2\/media\/8160"}],"wp:attachment":[{"href":"https:\/\/steklarna-rogaska.si\/hr\/wp-json\/wp\/v2\/media?parent=8159"}],"wp:term":[{"taxonomy":"product_brand","embeddable":true,"href":"https:\/\/steklarna-rogaska.si\/hr\/wp-json\/wp\/v2\/product_brand?post=8159"},{"taxonomy":"product_cat","embeddable":true,"href":"https:\/\/steklarna-rogaska.si\/hr\/wp-json\/wp\/v2\/product_cat?post=8159"},{"taxonomy":"product_tag","embeddable":true,"href":"https:\/\/steklarna-rogaska.si\/hr\/wp-json\/wp\/v2\/product_tag?post=8159"}],"curies":[{"name":"wp","href":"https:\/\/api.w.org\/{rel}","templated":true}]}}