{"id":8152,"date":"2019-12-28T09:30:45","date_gmt":"2019-12-28T09:30:45","guid":{"rendered":"https:\/\/steklarna-rogaska.si\/product\/ornaments-snjegovic-set-2\/"},"modified":"2024-12-08T00:18:38","modified_gmt":"2024-12-08T00:18:38","slug":"ukras-za-bor-snjesko-set-2","status":"publish","type":"product","link":"https:\/\/steklarna-rogaska.si\/hr\/proizvod\/ukras-za-bor-snjesko-set-2\/","title":{"rendered":"UKRAS ZA BOR &#8211; snje\u0161ko &#8211; set 2"},"content":{"rendered":"<p>vi\u0161ina = 70 mm<br \/>\n\u0161irina = 42 mm<br \/>\nte\u017ea = 0,07 kg<\/p>\n","protected":false},"excerpt":{"rendered":"<p>vi\u0161ina = 70 mm \u0161irina = 42 mm te\u017ea = 0,07 kg<\/p>\n","protected":false},"featured_media":8154,"comment_status":"closed","ping_status":"closed","template":"","meta":[],"product_brand":[],"product_cat":[1037,1144,1229,1035,1034,1041],"product_tag":[695,752,753],"class_list":{"0":"post-8152","1":"product","2":"type-product","3":"status-publish","4":"has-post-thumbnail","6":"product_cat-bozic","7":"product_cat-ukrasi-za-bor","8":"product_cat-poklon-program","9":"product_cat-mali-pokloni","10":"product_cat-poslovni-pokloni","11":"product_cat-bozicna-ponuda","12":"product_tag-ornaments-hr","13":"product_tag-praznicna-darila-hr","14":"product_tag-praznovanje-hr","16":"first","17":"outofstock","18":"shipping-taxable","19":"purchasable","20":"product-type-simple"},"_links":{"self":[{"href":"https:\/\/steklarna-rogaska.si\/hr\/wp-json\/wp\/v2\/product\/8152","targetHints":{"allow":["GET"]}}],"collection":[{"href":"https:\/\/steklarna-rogaska.si\/hr\/wp-json\/wp\/v2\/product"}],"about":[{"href":"https:\/\/steklarna-rogaska.si\/hr\/wp-json\/wp\/v2\/types\/product"}],"replies":[{"embeddable":true,"href":"https:\/\/steklarna-rogaska.si\/hr\/wp-json\/wp\/v2\/comments?post=8152"}],"wp:featuredmedia":[{"embeddable":true,"href":"https:\/\/steklarna-rogaska.si\/hr\/wp-json\/wp\/v2\/media\/8154"}],"wp:attachment":[{"href":"https:\/\/steklarna-rogaska.si\/hr\/wp-json\/wp\/v2\/media?parent=8152"}],"wp:term":[{"taxonomy":"product_brand","embeddable":true,"href":"https:\/\/steklarna-rogaska.si\/hr\/wp-json\/wp\/v2\/product_brand?post=8152"},{"taxonomy":"product_cat","embeddable":true,"href":"https:\/\/steklarna-rogaska.si\/hr\/wp-json\/wp\/v2\/product_cat?post=8152"},{"taxonomy":"product_tag","embeddable":true,"href":"https:\/\/steklarna-rogaska.si\/hr\/wp-json\/wp\/v2\/product_tag?post=8152"}],"curies":[{"name":"wp","href":"https:\/\/api.w.org\/{rel}","templated":true}]}}