{"id":8149,"date":"2019-12-28T09:30:44","date_gmt":"2019-12-28T09:30:44","guid":{"rendered":"https:\/\/steklarna-rogaska.si\/product\/ornaments-pahuljica-3\/"},"modified":"2024-10-22T07:31:27","modified_gmt":"2024-10-22T07:31:27","slug":"ornaments-pahuljica-3","status":"publish","type":"product","link":"https:\/\/steklarna-rogaska.si\/hr\/proizvod\/ornaments-pahuljica-3\/","title":{"rendered":"UKRAS ZA BOR &#8211; ornament pahuljica"},"content":{"rendered":"<p>vi\u0161ina = 70 mm<br \/>\n\u0161irina = 70 mm<br \/>\nte\u017ea = 0,04 kg<\/p>\n","protected":false},"excerpt":{"rendered":"<p>vi\u0161ina = 70 mm \u0161irina = 70 mm te\u017ea = 0,04 kg<\/p>\n","protected":false},"featured_media":8150,"comment_status":"closed","ping_status":"closed","template":"","meta":[],"product_brand":[],"product_cat":[1037,1144,1229,1034,1041],"product_tag":[695,752,753],"class_list":{"0":"post-8149","1":"product","2":"type-product","3":"status-publish","4":"has-post-thumbnail","6":"product_cat-bozic","7":"product_cat-ukrasi-za-bor","8":"product_cat-poklon-program","9":"product_cat-poslovni-pokloni","10":"product_cat-bozicna-ponuda","11":"product_tag-ornaments-hr","12":"product_tag-praznicna-darila-hr","13":"product_tag-praznovanje-hr","15":"first","16":"outofstock","17":"shipping-taxable","18":"purchasable","19":"product-type-simple"},"_links":{"self":[{"href":"https:\/\/steklarna-rogaska.si\/hr\/wp-json\/wp\/v2\/product\/8149","targetHints":{"allow":["GET"]}}],"collection":[{"href":"https:\/\/steklarna-rogaska.si\/hr\/wp-json\/wp\/v2\/product"}],"about":[{"href":"https:\/\/steklarna-rogaska.si\/hr\/wp-json\/wp\/v2\/types\/product"}],"replies":[{"embeddable":true,"href":"https:\/\/steklarna-rogaska.si\/hr\/wp-json\/wp\/v2\/comments?post=8149"}],"wp:featuredmedia":[{"embeddable":true,"href":"https:\/\/steklarna-rogaska.si\/hr\/wp-json\/wp\/v2\/media\/8150"}],"wp:attachment":[{"href":"https:\/\/steklarna-rogaska.si\/hr\/wp-json\/wp\/v2\/media?parent=8149"}],"wp:term":[{"taxonomy":"product_brand","embeddable":true,"href":"https:\/\/steklarna-rogaska.si\/hr\/wp-json\/wp\/v2\/product_brand?post=8149"},{"taxonomy":"product_cat","embeddable":true,"href":"https:\/\/steklarna-rogaska.si\/hr\/wp-json\/wp\/v2\/product_cat?post=8149"},{"taxonomy":"product_tag","embeddable":true,"href":"https:\/\/steklarna-rogaska.si\/hr\/wp-json\/wp\/v2\/product_tag?post=8149"}],"curies":[{"name":"wp","href":"https:\/\/api.w.org\/{rel}","templated":true}]}}