{"id":8121,"date":"2019-12-28T09:30:20","date_gmt":"2019-12-28T09:30:20","guid":{"rendered":"https:\/\/steklarna-rogaska.si\/product\/star-votive-star-1\/"},"modified":"2024-10-10T09:46:41","modified_gmt":"2024-10-10T09:46:41","slug":"star-votive-star-1","status":"publish","type":"product","link":"https:\/\/steklarna-rogaska.si\/hr\/proizvod\/star-votive-star-1\/","title":{"rendered":"STAR 1 votiv"},"content":{"rendered":"<p>vi\u0161ina = 67 mm<br \/>\n\u0161irina = 98 mm<br \/>\nte\u017ea = 0,4 kg<\/p>\n","protected":false},"excerpt":{"rendered":"<p>vi\u0161ina = 67 mm \u0161irina = 98 mm te\u017ea = 0,4 kg<\/p>\n","protected":false},"featured_media":8122,"comment_status":"closed","ping_status":"open","template":"","meta":[],"product_brand":[],"product_cat":[1037,1038,1229,1041,1036],"product_tag":[736,735,752,726],"class_list":{"0":"post-8121","1":"product","2":"type-product","3":"status-publish","4":"has-post-thumbnail","6":"product_cat-bozic","7":"product_cat-bozicne-dekoracije","8":"product_cat-poklon-program","9":"product_cat-bozicna-ponuda","10":"product_cat-svijecnjak","11":"product_tag-porocna-darila-hr-2","12":"product_tag-poroka-hr-2","13":"product_tag-praznicna-darila-hr","14":"product_tag-star-hr","16":"first","17":"outofstock","18":"shipping-taxable","19":"purchasable","20":"product-type-simple"},"_links":{"self":[{"href":"https:\/\/steklarna-rogaska.si\/hr\/wp-json\/wp\/v2\/product\/8121","targetHints":{"allow":["GET"]}}],"collection":[{"href":"https:\/\/steklarna-rogaska.si\/hr\/wp-json\/wp\/v2\/product"}],"about":[{"href":"https:\/\/steklarna-rogaska.si\/hr\/wp-json\/wp\/v2\/types\/product"}],"replies":[{"embeddable":true,"href":"https:\/\/steklarna-rogaska.si\/hr\/wp-json\/wp\/v2\/comments?post=8121"}],"wp:featuredmedia":[{"embeddable":true,"href":"https:\/\/steklarna-rogaska.si\/hr\/wp-json\/wp\/v2\/media\/8122"}],"wp:attachment":[{"href":"https:\/\/steklarna-rogaska.si\/hr\/wp-json\/wp\/v2\/media?parent=8121"}],"wp:term":[{"taxonomy":"product_brand","embeddable":true,"href":"https:\/\/steklarna-rogaska.si\/hr\/wp-json\/wp\/v2\/product_brand?post=8121"},{"taxonomy":"product_cat","embeddable":true,"href":"https:\/\/steklarna-rogaska.si\/hr\/wp-json\/wp\/v2\/product_cat?post=8121"},{"taxonomy":"product_tag","embeddable":true,"href":"https:\/\/steklarna-rogaska.si\/hr\/wp-json\/wp\/v2\/product_tag?post=8121"}],"curies":[{"name":"wp","href":"https:\/\/api.w.org\/{rel}","templated":true}]}}