{"id":8119,"date":"2020-04-24T08:38:56","date_gmt":"2020-04-24T08:38:56","guid":{"rendered":"https:\/\/steklarna-rogaska.si\/product\/big-rock-pehar-za-crveno-vino-set-2\/"},"modified":"2024-03-07T06:08:12","modified_gmt":"2024-03-07T06:08:12","slug":"big-rock-pehar-za-crveno-vino-set-2","status":"publish","type":"product","link":"https:\/\/steklarna-rogaska.si\/hr\/proizvod\/big-rock-pehar-za-crveno-vino-set-2\/","title":{"rendered":"BIG ROCK \u010da\u0161a za crveno vino &#8211; set 2"},"content":{"rendered":"<p>vi\u0161ina= 255 mm<\/p>\n<p>\u0161irina= 72 mm<\/p>\n<p>te\u017ea= 0,4 kg<\/p>\n","protected":false},"excerpt":{"rendered":"<p>vi\u0161ina= 255 mm \u0161irina= 72 mm te\u017ea= 0,4 kg<\/p>\n","protected":false},"featured_media":8120,"comment_status":"closed","ping_status":"open","template":"","meta":[],"product_brand":[],"product_cat":[1229,1118,1034,1041,1078,559,1077],"product_tag":[605,1079,1115,566],"class_list":{"0":"post-8119","1":"product","2":"type-product","3":"status-publish","4":"has-post-thumbnail","6":"product_cat-poklon-program","7":"product_cat-poklon-za-vjencanje","8":"product_cat-poslovni-pokloni","9":"product_cat-bozicna-ponuda","10":"product_cat-case-za-vino","11":"product_cat-sve-za-vino","12":"product_cat-case-za-vino-hr","13":"product_tag-big-rock-hr","14":"product_tag-kozarec-za-vino-hr","15":"product_tag-vinski-kelih-hr","16":"product_tag-za-crveno-vino","18":"first","19":"instock","20":"shipping-taxable","21":"purchasable","22":"product-type-simple"},"_links":{"self":[{"href":"https:\/\/steklarna-rogaska.si\/hr\/wp-json\/wp\/v2\/product\/8119","targetHints":{"allow":["GET"]}}],"collection":[{"href":"https:\/\/steklarna-rogaska.si\/hr\/wp-json\/wp\/v2\/product"}],"about":[{"href":"https:\/\/steklarna-rogaska.si\/hr\/wp-json\/wp\/v2\/types\/product"}],"replies":[{"embeddable":true,"href":"https:\/\/steklarna-rogaska.si\/hr\/wp-json\/wp\/v2\/comments?post=8119"}],"wp:featuredmedia":[{"embeddable":true,"href":"https:\/\/steklarna-rogaska.si\/hr\/wp-json\/wp\/v2\/media\/8120"}],"wp:attachment":[{"href":"https:\/\/steklarna-rogaska.si\/hr\/wp-json\/wp\/v2\/media?parent=8119"}],"wp:term":[{"taxonomy":"product_brand","embeddable":true,"href":"https:\/\/steklarna-rogaska.si\/hr\/wp-json\/wp\/v2\/product_brand?post=8119"},{"taxonomy":"product_cat","embeddable":true,"href":"https:\/\/steklarna-rogaska.si\/hr\/wp-json\/wp\/v2\/product_cat?post=8119"},{"taxonomy":"product_tag","embeddable":true,"href":"https:\/\/steklarna-rogaska.si\/hr\/wp-json\/wp\/v2\/product_tag?post=8119"}],"curies":[{"name":"wp","href":"https:\/\/api.w.org\/{rel}","templated":true}]}}