{"id":8117,"date":"2019-12-28T09:30:20","date_gmt":"2019-12-28T09:30:20","guid":{"rendered":"https:\/\/steklarna-rogaska.si\/product\/star-votive-star-3\/"},"modified":"2024-10-10T09:46:44","modified_gmt":"2024-10-10T09:46:44","slug":"star-votive-star-3","status":"publish","type":"product","link":"https:\/\/steklarna-rogaska.si\/hr\/proizvod\/star-votive-star-3\/","title":{"rendered":"STAR 3 votiv"},"content":{"rendered":"<p>vi\u0161ina = 67 mm<br \/>\n\u0161irina = 98 mm<br \/>\nte\u017ea = 0,4 kg<\/p>\n","protected":false},"excerpt":{"rendered":"<p>vi\u0161ina = 67 mm \u0161irina = 98 mm te\u017ea = 0,4 kg<\/p>\n","protected":false},"featured_media":8118,"comment_status":"closed","ping_status":"open","template":"","meta":[],"product_brand":[],"product_cat":[1037,1038,1041,1036],"product_tag":[736,735,752,726],"class_list":{"0":"post-8117","1":"product","2":"type-product","3":"status-publish","4":"has-post-thumbnail","6":"product_cat-bozic","7":"product_cat-bozicne-dekoracije","8":"product_cat-bozicna-ponuda","9":"product_cat-svijecnjak","10":"product_tag-porocna-darila-hr-2","11":"product_tag-poroka-hr-2","12":"product_tag-praznicna-darila-hr","13":"product_tag-star-hr","15":"first","16":"outofstock","17":"shipping-taxable","18":"purchasable","19":"product-type-simple"},"_links":{"self":[{"href":"https:\/\/steklarna-rogaska.si\/hr\/wp-json\/wp\/v2\/product\/8117","targetHints":{"allow":["GET"]}}],"collection":[{"href":"https:\/\/steklarna-rogaska.si\/hr\/wp-json\/wp\/v2\/product"}],"about":[{"href":"https:\/\/steklarna-rogaska.si\/hr\/wp-json\/wp\/v2\/types\/product"}],"replies":[{"embeddable":true,"href":"https:\/\/steklarna-rogaska.si\/hr\/wp-json\/wp\/v2\/comments?post=8117"}],"wp:featuredmedia":[{"embeddable":true,"href":"https:\/\/steklarna-rogaska.si\/hr\/wp-json\/wp\/v2\/media\/8118"}],"wp:attachment":[{"href":"https:\/\/steklarna-rogaska.si\/hr\/wp-json\/wp\/v2\/media?parent=8117"}],"wp:term":[{"taxonomy":"product_brand","embeddable":true,"href":"https:\/\/steklarna-rogaska.si\/hr\/wp-json\/wp\/v2\/product_brand?post=8117"},{"taxonomy":"product_cat","embeddable":true,"href":"https:\/\/steklarna-rogaska.si\/hr\/wp-json\/wp\/v2\/product_cat?post=8117"},{"taxonomy":"product_tag","embeddable":true,"href":"https:\/\/steklarna-rogaska.si\/hr\/wp-json\/wp\/v2\/product_tag?post=8117"}],"curies":[{"name":"wp","href":"https:\/\/api.w.org\/{rel}","templated":true}]}}