{"id":8113,"date":"2020-04-24T08:44:07","date_gmt":"2020-04-24T08:44:07","guid":{"rendered":"https:\/\/steklarna-rogaska.si\/product\/big-rock-pehar-za-pjenusac-set-2\/"},"modified":"2024-03-07T06:08:12","modified_gmt":"2024-03-07T06:08:12","slug":"big-rock-casa-za-pjenusac-set-2","status":"publish","type":"product","link":"https:\/\/steklarna-rogaska.si\/hr\/proizvod\/big-rock-casa-za-pjenusac-set-2\/","title":{"rendered":"BIG ROCK \u010da\u0161a za pjenu\u0161ac &#8211; set 2"},"content":{"rendered":"<p>vi\u0161ina= 277 mm<\/p>\n<p>\u0161irina= 46 mm<\/p>\n<p>te\u017ea= 0,3 kg<\/p>\n","protected":false},"excerpt":{"rendered":"<p>vi\u0161ina= 277 mm \u0161irina= 46 mm te\u017ea= 0,3 kg<\/p>\n","protected":false},"featured_media":8114,"comment_status":"closed","ping_status":"open","template":"","meta":[],"product_brand":[],"product_cat":[1229,1118,1034,1041,1060,1069,559,1068],"product_tag":[605,1071,1073,564],"class_list":{"0":"post-8113","1":"product","2":"type-product","3":"status-publish","4":"has-post-thumbnail","6":"product_cat-poklon-program","7":"product_cat-poklon-za-vjencanje","8":"product_cat-poslovni-pokloni","9":"product_cat-bozicna-ponuda","10":"product_cat-case","11":"product_cat-case-za-pjenusac","12":"product_cat-sve-za-vino","13":"product_cat-case-za-pjenusac-hr","14":"product_tag-big-rock-hr","15":"product_tag-kelih-za-penino-hr","16":"product_tag-peninski-kelih-hr","17":"product_tag-za-pjenusac","19":"first","20":"instock","21":"shipping-taxable","22":"purchasable","23":"product-type-simple"},"_links":{"self":[{"href":"https:\/\/steklarna-rogaska.si\/hr\/wp-json\/wp\/v2\/product\/8113","targetHints":{"allow":["GET"]}}],"collection":[{"href":"https:\/\/steklarna-rogaska.si\/hr\/wp-json\/wp\/v2\/product"}],"about":[{"href":"https:\/\/steklarna-rogaska.si\/hr\/wp-json\/wp\/v2\/types\/product"}],"replies":[{"embeddable":true,"href":"https:\/\/steklarna-rogaska.si\/hr\/wp-json\/wp\/v2\/comments?post=8113"}],"wp:featuredmedia":[{"embeddable":true,"href":"https:\/\/steklarna-rogaska.si\/hr\/wp-json\/wp\/v2\/media\/8114"}],"wp:attachment":[{"href":"https:\/\/steklarna-rogaska.si\/hr\/wp-json\/wp\/v2\/media?parent=8113"}],"wp:term":[{"taxonomy":"product_brand","embeddable":true,"href":"https:\/\/steklarna-rogaska.si\/hr\/wp-json\/wp\/v2\/product_brand?post=8113"},{"taxonomy":"product_cat","embeddable":true,"href":"https:\/\/steklarna-rogaska.si\/hr\/wp-json\/wp\/v2\/product_cat?post=8113"},{"taxonomy":"product_tag","embeddable":true,"href":"https:\/\/steklarna-rogaska.si\/hr\/wp-json\/wp\/v2\/product_tag?post=8113"}],"curies":[{"name":"wp","href":"https:\/\/api.w.org\/{rel}","templated":true}]}}