{"id":8101,"date":"2020-05-06T10:41:04","date_gmt":"2020-05-06T10:41:04","guid":{"rendered":"https:\/\/steklarna-rogaska.si\/product\/neptun-vaza-45-cm\/"},"modified":"2024-03-07T06:12:03","modified_gmt":"2024-03-07T06:12:03","slug":"neptun-vaza-45-cm","status":"publish","type":"product","link":"https:\/\/steklarna-rogaska.si\/hr\/proizvod\/neptun-vaza-45-cm\/","title":{"rendered":"NEPTUN vaza 45 cm"},"content":{"rendered":"<p>vi\u0161ina = 451 mm<br \/>\n\u0161irina = 210 mm<br \/>\nte\u017ea = 6,3 kg<\/p>\n","protected":false},"excerpt":{"rendered":"<p>vi\u0161ina = 451 mm \u0161irina = 210 mm te\u017ea = 6,3 kg<\/p>\n","protected":false},"featured_media":8102,"comment_status":"open","ping_status":"open","template":"","meta":[],"product_brand":[],"product_cat":[1159],"product_tag":[689,736,735,749],"class_list":{"0":"post-8101","1":"product","2":"type-product","3":"status-publish","4":"has-post-thumbnail","6":"product_cat-vaze-hr","7":"product_tag-neptun-hr","8":"product_tag-porocna-darila-hr-2","9":"product_tag-poroka-hr-2","10":"product_tag-poseben-dizajn-hr","12":"first","13":"instock","14":"shipping-taxable","15":"purchasable","16":"product-type-simple"},"_links":{"self":[{"href":"https:\/\/steklarna-rogaska.si\/hr\/wp-json\/wp\/v2\/product\/8101","targetHints":{"allow":["GET"]}}],"collection":[{"href":"https:\/\/steklarna-rogaska.si\/hr\/wp-json\/wp\/v2\/product"}],"about":[{"href":"https:\/\/steklarna-rogaska.si\/hr\/wp-json\/wp\/v2\/types\/product"}],"replies":[{"embeddable":true,"href":"https:\/\/steklarna-rogaska.si\/hr\/wp-json\/wp\/v2\/comments?post=8101"}],"wp:featuredmedia":[{"embeddable":true,"href":"https:\/\/steklarna-rogaska.si\/hr\/wp-json\/wp\/v2\/media\/8102"}],"wp:attachment":[{"href":"https:\/\/steklarna-rogaska.si\/hr\/wp-json\/wp\/v2\/media?parent=8101"}],"wp:term":[{"taxonomy":"product_brand","embeddable":true,"href":"https:\/\/steklarna-rogaska.si\/hr\/wp-json\/wp\/v2\/product_brand?post=8101"},{"taxonomy":"product_cat","embeddable":true,"href":"https:\/\/steklarna-rogaska.si\/hr\/wp-json\/wp\/v2\/product_cat?post=8101"},{"taxonomy":"product_tag","embeddable":true,"href":"https:\/\/steklarna-rogaska.si\/hr\/wp-json\/wp\/v2\/product_tag?post=8101"}],"curies":[{"name":"wp","href":"https:\/\/api.w.org\/{rel}","templated":true}]}}