{"id":8055,"date":"2020-05-08T08:16:22","date_gmt":"2020-05-08T08:16:22","guid":{"rendered":"https:\/\/steklarna-rogaska.si\/product\/omega-casa-za-zestice-set-2\/"},"modified":"2024-03-07T06:11:59","modified_gmt":"2024-03-07T06:11:59","slug":"omega-casa-za-zestice-set-2","status":"publish","type":"product","link":"https:\/\/steklarna-rogaska.si\/hr\/proizvod\/omega-casa-za-zestice-set-2\/","title":{"rendered":"OMEGA \u010da\u0161a za \u017eestice &#8211; set 2"},"content":{"rendered":"<p>vi\u0161ina = 76 mm<br \/>\n\u0161irina = 52 mm<br \/>\nte\u017ea = 0,2 kg<\/p>\n","protected":false},"excerpt":{"rendered":"<p>vi\u0161ina = 76 mm \u0161irina = 52 mm te\u017ea = 0,2 kg<\/p>\n","protected":false},"featured_media":8056,"comment_status":"open","ping_status":"open","template":"","meta":[],"product_brand":[],"product_cat":[537,1058,1060,1061],"product_tag":[694,571],"class_list":{"0":"post-8055","1":"product","2":"type-product","3":"status-publish","4":"has-post-thumbnail","6":"product_cat-pribor-za-bar","7":"product_cat-case-za-zestoka-pica-hr","8":"product_cat-case","9":"product_cat-casa-za-zestoka-pica","10":"product_tag-omega-hr","11":"product_tag-za-zestice","13":"first","14":"instock","15":"shipping-taxable","16":"purchasable","17":"product-type-simple"},"_links":{"self":[{"href":"https:\/\/steklarna-rogaska.si\/hr\/wp-json\/wp\/v2\/product\/8055","targetHints":{"allow":["GET"]}}],"collection":[{"href":"https:\/\/steklarna-rogaska.si\/hr\/wp-json\/wp\/v2\/product"}],"about":[{"href":"https:\/\/steklarna-rogaska.si\/hr\/wp-json\/wp\/v2\/types\/product"}],"replies":[{"embeddable":true,"href":"https:\/\/steklarna-rogaska.si\/hr\/wp-json\/wp\/v2\/comments?post=8055"}],"wp:featuredmedia":[{"embeddable":true,"href":"https:\/\/steklarna-rogaska.si\/hr\/wp-json\/wp\/v2\/media\/8056"}],"wp:attachment":[{"href":"https:\/\/steklarna-rogaska.si\/hr\/wp-json\/wp\/v2\/media?parent=8055"}],"wp:term":[{"taxonomy":"product_brand","embeddable":true,"href":"https:\/\/steklarna-rogaska.si\/hr\/wp-json\/wp\/v2\/product_brand?post=8055"},{"taxonomy":"product_cat","embeddable":true,"href":"https:\/\/steklarna-rogaska.si\/hr\/wp-json\/wp\/v2\/product_cat?post=8055"},{"taxonomy":"product_tag","embeddable":true,"href":"https:\/\/steklarna-rogaska.si\/hr\/wp-json\/wp\/v2\/product_tag?post=8055"}],"curies":[{"name":"wp","href":"https:\/\/api.w.org\/{rel}","templated":true}]}}