{"id":8053,"date":"2020-05-08T08:16:22","date_gmt":"2020-05-08T08:16:22","guid":{"rendered":"https:\/\/steklarna-rogaska.si\/product\/omega-zdjela-12-cm\/"},"modified":"2024-03-07T06:12:00","modified_gmt":"2024-03-07T06:12:00","slug":"omega-zdjela-12-cm","status":"publish","type":"product","link":"https:\/\/steklarna-rogaska.si\/hr\/proizvod\/omega-zdjela-12-cm\/","title":{"rendered":"OMEGA zdjela 12 cm"},"content":{"rendered":"<p>vi\u0161ina = 81 mm<br \/>\n\u0161irina = 125 mm<br \/>\nte\u017ea = 0,4 kg<\/p>\n","protected":false},"excerpt":{"rendered":"<p>vi\u0161ina = 81 mm \u0161irina = 125 mm te\u017ea = 0,4 kg<\/p>\n","protected":false},"featured_media":8054,"comment_status":"open","ping_status":"open","template":"","meta":[],"product_brand":[],"product_cat":[1229,1045,1035,1118,1034,1041,1116,1117,1039,1040],"product_tag":[694,736,735],"class_list":{"0":"post-8053","1":"product","2":"type-product","3":"status-publish","4":"has-post-thumbnail","6":"product_cat-poklon-program","7":"product_cat-poklon-za-njega","8":"product_cat-mali-pokloni","9":"product_cat-poklon-za-vjencanje","10":"product_cat-poslovni-pokloni","11":"product_cat-bozicna-ponuda","12":"product_cat-zdjele-hr-2","13":"product_cat-zdjela-za-grickalice","14":"product_cat-salice-za-kavu-caj-sladoled","15":"product_cat-zdjelica-za-sladoled","16":"product_tag-omega-hr","17":"product_tag-porocna-darila-hr-2","18":"product_tag-poroka-hr-2","20":"first","21":"instock","22":"shipping-taxable","23":"purchasable","24":"product-type-simple"},"_links":{"self":[{"href":"https:\/\/steklarna-rogaska.si\/hr\/wp-json\/wp\/v2\/product\/8053","targetHints":{"allow":["GET"]}}],"collection":[{"href":"https:\/\/steklarna-rogaska.si\/hr\/wp-json\/wp\/v2\/product"}],"about":[{"href":"https:\/\/steklarna-rogaska.si\/hr\/wp-json\/wp\/v2\/types\/product"}],"replies":[{"embeddable":true,"href":"https:\/\/steklarna-rogaska.si\/hr\/wp-json\/wp\/v2\/comments?post=8053"}],"wp:featuredmedia":[{"embeddable":true,"href":"https:\/\/steklarna-rogaska.si\/hr\/wp-json\/wp\/v2\/media\/8054"}],"wp:attachment":[{"href":"https:\/\/steklarna-rogaska.si\/hr\/wp-json\/wp\/v2\/media?parent=8053"}],"wp:term":[{"taxonomy":"product_brand","embeddable":true,"href":"https:\/\/steklarna-rogaska.si\/hr\/wp-json\/wp\/v2\/product_brand?post=8053"},{"taxonomy":"product_cat","embeddable":true,"href":"https:\/\/steklarna-rogaska.si\/hr\/wp-json\/wp\/v2\/product_cat?post=8053"},{"taxonomy":"product_tag","embeddable":true,"href":"https:\/\/steklarna-rogaska.si\/hr\/wp-json\/wp\/v2\/product_tag?post=8053"}],"curies":[{"name":"wp","href":"https:\/\/api.w.org\/{rel}","templated":true}]}}