{"id":8051,"date":"2020-05-08T08:16:22","date_gmt":"2020-05-08T08:16:22","guid":{"rendered":"https:\/\/steklarna-rogaska.si\/product\/omega-zdjela-25-cm\/"},"modified":"2024-03-07T06:12:00","modified_gmt":"2024-03-07T06:12:00","slug":"omega-zdjela-25-cm","status":"publish","type":"product","link":"https:\/\/steklarna-rogaska.si\/hr\/proizvod\/omega-zdjela-25-cm\/","title":{"rendered":"OMEGA zdjela 25 cm"},"content":{"rendered":"<p>vi\u0161ina = 159 mm<br \/>\n\u0161irina = 248 mm<br \/>\nte\u017ea = 2,0 kg<\/p>\n","protected":false},"excerpt":{"rendered":"<p>vi\u0161ina = 159 mm \u0161irina = 248 mm te\u017ea = 2,0 kg<\/p>\n","protected":false},"featured_media":8052,"comment_status":"open","ping_status":"open","template":"","meta":[],"product_brand":[],"product_cat":[1229,1119,1118,1034,1116,1223],"product_tag":[694,736,735],"class_list":{"0":"post-8051","1":"product","2":"type-product","3":"status-publish","4":"has-post-thumbnail","6":"product_cat-poklon-program","7":"product_cat-poklon-za-nju","8":"product_cat-poklon-za-vjencanje","9":"product_cat-poslovni-pokloni","10":"product_cat-zdjele-hr-2","11":"product_cat-zdjela-za-voce","12":"product_tag-omega-hr","13":"product_tag-porocna-darila-hr-2","14":"product_tag-poroka-hr-2","16":"first","17":"instock","18":"shipping-taxable","19":"purchasable","20":"product-type-simple"},"_links":{"self":[{"href":"https:\/\/steklarna-rogaska.si\/hr\/wp-json\/wp\/v2\/product\/8051","targetHints":{"allow":["GET"]}}],"collection":[{"href":"https:\/\/steklarna-rogaska.si\/hr\/wp-json\/wp\/v2\/product"}],"about":[{"href":"https:\/\/steklarna-rogaska.si\/hr\/wp-json\/wp\/v2\/types\/product"}],"replies":[{"embeddable":true,"href":"https:\/\/steklarna-rogaska.si\/hr\/wp-json\/wp\/v2\/comments?post=8051"}],"wp:featuredmedia":[{"embeddable":true,"href":"https:\/\/steklarna-rogaska.si\/hr\/wp-json\/wp\/v2\/media\/8052"}],"wp:attachment":[{"href":"https:\/\/steklarna-rogaska.si\/hr\/wp-json\/wp\/v2\/media?parent=8051"}],"wp:term":[{"taxonomy":"product_brand","embeddable":true,"href":"https:\/\/steklarna-rogaska.si\/hr\/wp-json\/wp\/v2\/product_brand?post=8051"},{"taxonomy":"product_cat","embeddable":true,"href":"https:\/\/steklarna-rogaska.si\/hr\/wp-json\/wp\/v2\/product_cat?post=8051"},{"taxonomy":"product_tag","embeddable":true,"href":"https:\/\/steklarna-rogaska.si\/hr\/wp-json\/wp\/v2\/product_tag?post=8051"}],"curies":[{"name":"wp","href":"https:\/\/api.w.org\/{rel}","templated":true}]}}