{"id":8047,"date":"2020-05-08T08:16:22","date_gmt":"2020-05-08T08:16:22","guid":{"rendered":"https:\/\/steklarna-rogaska.si\/product\/omega-sampanjac-mali-set-2\/"},"modified":"2026-02-02T13:04:44","modified_gmt":"2026-02-02T13:04:44","slug":"omega-sampanjac-mali-set-2","status":"publish","type":"product","link":"https:\/\/steklarna-rogaska.si\/hr\/proizvod\/omega-sampanjac-mali-set-2\/","title":{"rendered":"OMEGA &#8211; \u010da\u0161a za \u0161ampanjac mali &#8211; set 2"},"content":{"rendered":"<p>visina = 140 mm<br \/>\n\u0161irina = 127 mm<br \/>\nte\u017ea = 0,5 kg<\/p>\n","protected":false},"excerpt":{"rendered":"<p>visina = 140 mm \u0161irina = 127 mm te\u017ea = 0,5 kg<\/p>\n","protected":false},"featured_media":8048,"comment_status":"open","ping_status":"open","template":"","meta":[],"product_brand":[],"product_cat":[1060,1069,559,1068],"product_tag":[1071,1072,694,1073,1074,564],"class_list":{"0":"post-8047","1":"product","2":"type-product","3":"status-publish","4":"has-post-thumbnail","6":"product_cat-case","7":"product_cat-case-za-pjenusac","8":"product_cat-sve-za-vino","9":"product_cat-case-za-pjenusac-hr","10":"product_tag-kelih-za-penino-hr","11":"product_tag-kozarec-za-penino-hr","12":"product_tag-omega-hr","13":"product_tag-peninski-kelih-hr","14":"product_tag-peninski-kozarec-hr","15":"product_tag-za-pjenusac","17":"first","18":"instock","19":"shipping-taxable","20":"purchasable","21":"product-type-simple"},"_links":{"self":[{"href":"https:\/\/steklarna-rogaska.si\/hr\/wp-json\/wp\/v2\/product\/8047","targetHints":{"allow":["GET"]}}],"collection":[{"href":"https:\/\/steklarna-rogaska.si\/hr\/wp-json\/wp\/v2\/product"}],"about":[{"href":"https:\/\/steklarna-rogaska.si\/hr\/wp-json\/wp\/v2\/types\/product"}],"replies":[{"embeddable":true,"href":"https:\/\/steklarna-rogaska.si\/hr\/wp-json\/wp\/v2\/comments?post=8047"}],"wp:featuredmedia":[{"embeddable":true,"href":"https:\/\/steklarna-rogaska.si\/hr\/wp-json\/wp\/v2\/media\/8048"}],"wp:attachment":[{"href":"https:\/\/steklarna-rogaska.si\/hr\/wp-json\/wp\/v2\/media?parent=8047"}],"wp:term":[{"taxonomy":"product_brand","embeddable":true,"href":"https:\/\/steklarna-rogaska.si\/hr\/wp-json\/wp\/v2\/product_brand?post=8047"},{"taxonomy":"product_cat","embeddable":true,"href":"https:\/\/steklarna-rogaska.si\/hr\/wp-json\/wp\/v2\/product_cat?post=8047"},{"taxonomy":"product_tag","embeddable":true,"href":"https:\/\/steklarna-rogaska.si\/hr\/wp-json\/wp\/v2\/product_tag?post=8047"}],"curies":[{"name":"wp","href":"https:\/\/api.w.org\/{rel}","templated":true}]}}