{"id":8042,"date":"2020-05-08T08:16:22","date_gmt":"2020-05-08T08:16:22","guid":{"rendered":"https:\/\/steklarna-rogaska.si\/product\/omega-pehar-za-crveno-vino-set-2\/"},"modified":"2024-03-07T06:11:53","modified_gmt":"2024-03-07T06:11:53","slug":"omega-pehar-za-crveno-vino-set-2","status":"publish","type":"product","link":"https:\/\/steklarna-rogaska.si\/hr\/proizvod\/omega-pehar-za-crveno-vino-set-2\/","title":{"rendered":"OMEGA \u010da\u0161a za crveno vino &#8211; set 2"},"content":{"rendered":"<p>vi\u0161ina = 239 mm<br \/>\n\u0161irina = 101 mm<br \/>\nte\u017ea = 0,2 kg<\/p>\n","protected":false},"excerpt":{"rendered":"<p>vi\u0161ina = 239 mm \u0161irina = 101 mm te\u017ea = 0,2 kg<\/p>\n","protected":false},"featured_media":8044,"comment_status":"open","ping_status":"open","template":"","meta":[],"product_brand":[],"product_cat":[1060,1078,559,1077],"product_tag":[1079,694,1115,566],"class_list":{"0":"post-8042","1":"product","2":"type-product","3":"status-publish","4":"has-post-thumbnail","6":"product_cat-case","7":"product_cat-case-za-vino","8":"product_cat-sve-za-vino","9":"product_cat-case-za-vino-hr","10":"product_tag-kozarec-za-vino-hr","11":"product_tag-omega-hr","12":"product_tag-vinski-kelih-hr","13":"product_tag-za-crveno-vino","15":"first","16":"instock","17":"shipping-taxable","18":"purchasable","19":"product-type-simple"},"_links":{"self":[{"href":"https:\/\/steklarna-rogaska.si\/hr\/wp-json\/wp\/v2\/product\/8042","targetHints":{"allow":["GET"]}}],"collection":[{"href":"https:\/\/steklarna-rogaska.si\/hr\/wp-json\/wp\/v2\/product"}],"about":[{"href":"https:\/\/steklarna-rogaska.si\/hr\/wp-json\/wp\/v2\/types\/product"}],"replies":[{"embeddable":true,"href":"https:\/\/steklarna-rogaska.si\/hr\/wp-json\/wp\/v2\/comments?post=8042"}],"wp:featuredmedia":[{"embeddable":true,"href":"https:\/\/steklarna-rogaska.si\/hr\/wp-json\/wp\/v2\/media\/8044"}],"wp:attachment":[{"href":"https:\/\/steklarna-rogaska.si\/hr\/wp-json\/wp\/v2\/media?parent=8042"}],"wp:term":[{"taxonomy":"product_brand","embeddable":true,"href":"https:\/\/steklarna-rogaska.si\/hr\/wp-json\/wp\/v2\/product_brand?post=8042"},{"taxonomy":"product_cat","embeddable":true,"href":"https:\/\/steklarna-rogaska.si\/hr\/wp-json\/wp\/v2\/product_cat?post=8042"},{"taxonomy":"product_tag","embeddable":true,"href":"https:\/\/steklarna-rogaska.si\/hr\/wp-json\/wp\/v2\/product_tag?post=8042"}],"curies":[{"name":"wp","href":"https:\/\/api.w.org\/{rel}","templated":true}]}}