{"id":8039,"date":"2020-05-08T08:17:26","date_gmt":"2020-05-08T08:17:26","guid":{"rendered":"https:\/\/steklarna-rogaska.si\/product\/bellevue-pehar-za-bijelo-vino-set-6\/"},"modified":"2024-10-11T04:13:39","modified_gmt":"2024-10-11T04:13:39","slug":"bellevue-pehar-za-bijelo-vino-set-6","status":"publish","type":"product","link":"https:\/\/steklarna-rogaska.si\/hr\/proizvod\/bellevue-pehar-za-bijelo-vino-set-6\/","title":{"rendered":"BELLEVUE \u010da\u0161a za bijelo vino &#8211; set 6"},"content":{"rendered":"<p>vi\u0161ina = 175 mm<br \/>\n\u0161irina = 58 mm<br \/>\nte\u017ea = 0,1 kg<\/p>\n","protected":false},"excerpt":{"rendered":"<p>vi\u0161ina = 175 mm \u0161irina = 58 mm te\u017ea = 0,1 kg<\/p>\n","protected":false},"featured_media":8040,"comment_status":"open","ping_status":"closed","template":"","meta":[],"product_brand":[],"product_cat":[1060,1078,559],"product_tag":[604,567],"class_list":{"0":"post-8039","1":"product","2":"type-product","3":"status-publish","4":"has-post-thumbnail","6":"product_cat-case","7":"product_cat-case-za-vino","8":"product_cat-sve-za-vino","9":"product_tag-bellevue-hr","10":"product_tag-za-bijelo-vino","12":"first","13":"instock","14":"shipping-taxable","15":"purchasable","16":"product-type-simple"},"_links":{"self":[{"href":"https:\/\/steklarna-rogaska.si\/hr\/wp-json\/wp\/v2\/product\/8039","targetHints":{"allow":["GET"]}}],"collection":[{"href":"https:\/\/steklarna-rogaska.si\/hr\/wp-json\/wp\/v2\/product"}],"about":[{"href":"https:\/\/steklarna-rogaska.si\/hr\/wp-json\/wp\/v2\/types\/product"}],"replies":[{"embeddable":true,"href":"https:\/\/steklarna-rogaska.si\/hr\/wp-json\/wp\/v2\/comments?post=8039"}],"wp:featuredmedia":[{"embeddable":true,"href":"https:\/\/steklarna-rogaska.si\/hr\/wp-json\/wp\/v2\/media\/8040"}],"wp:attachment":[{"href":"https:\/\/steklarna-rogaska.si\/hr\/wp-json\/wp\/v2\/media?parent=8039"}],"wp:term":[{"taxonomy":"product_brand","embeddable":true,"href":"https:\/\/steklarna-rogaska.si\/hr\/wp-json\/wp\/v2\/product_brand?post=8039"},{"taxonomy":"product_cat","embeddable":true,"href":"https:\/\/steklarna-rogaska.si\/hr\/wp-json\/wp\/v2\/product_cat?post=8039"},{"taxonomy":"product_tag","embeddable":true,"href":"https:\/\/steklarna-rogaska.si\/hr\/wp-json\/wp\/v2\/product_tag?post=8039"}],"curies":[{"name":"wp","href":"https:\/\/api.w.org\/{rel}","templated":true}]}}