{"id":8031,"date":"2020-05-08T08:17:26","date_gmt":"2020-05-08T08:17:26","guid":{"rendered":"https:\/\/steklarna-rogaska.si\/product\/bellevue-pehar-za-crveno-vino-set-6\/"},"modified":"2024-10-11T04:13:41","modified_gmt":"2024-10-11T04:13:41","slug":"bellevue-pehar-za-crveno-vino-set-6","status":"publish","type":"product","link":"https:\/\/steklarna-rogaska.si\/hr\/proizvod\/bellevue-pehar-za-crveno-vino-set-6\/","title":{"rendered":"BELLEVUE \u010da\u0161a za crveno vino &#8211; set 6"},"content":{"rendered":"<p>vi\u0161ina = 182 mm<br \/>\n\u0161irina = 64 mm<br \/>\nte\u017ea = 0,2 kg<\/p>\n","protected":false},"excerpt":{"rendered":"<p>vi\u0161ina = 182 mm \u0161irina = 64 mm te\u017ea = 0,2 kg<\/p>\n","protected":false},"featured_media":8032,"comment_status":"open","ping_status":"closed","template":"","meta":[],"product_brand":[],"product_cat":[1078,559,1077],"product_tag":[604,1079,1115,566],"class_list":{"0":"post-8031","1":"product","2":"type-product","3":"status-publish","4":"has-post-thumbnail","6":"product_cat-case-za-vino","7":"product_cat-sve-za-vino","8":"product_cat-case-za-vino-hr","9":"product_tag-bellevue-hr","10":"product_tag-kozarec-za-vino-hr","11":"product_tag-vinski-kelih-hr","12":"product_tag-za-crveno-vino","14":"first","15":"instock","16":"shipping-taxable","17":"purchasable","18":"product-type-simple"},"_links":{"self":[{"href":"https:\/\/steklarna-rogaska.si\/hr\/wp-json\/wp\/v2\/product\/8031","targetHints":{"allow":["GET"]}}],"collection":[{"href":"https:\/\/steklarna-rogaska.si\/hr\/wp-json\/wp\/v2\/product"}],"about":[{"href":"https:\/\/steklarna-rogaska.si\/hr\/wp-json\/wp\/v2\/types\/product"}],"replies":[{"embeddable":true,"href":"https:\/\/steklarna-rogaska.si\/hr\/wp-json\/wp\/v2\/comments?post=8031"}],"wp:featuredmedia":[{"embeddable":true,"href":"https:\/\/steklarna-rogaska.si\/hr\/wp-json\/wp\/v2\/media\/8032"}],"wp:attachment":[{"href":"https:\/\/steklarna-rogaska.si\/hr\/wp-json\/wp\/v2\/media?parent=8031"}],"wp:term":[{"taxonomy":"product_brand","embeddable":true,"href":"https:\/\/steklarna-rogaska.si\/hr\/wp-json\/wp\/v2\/product_brand?post=8031"},{"taxonomy":"product_cat","embeddable":true,"href":"https:\/\/steklarna-rogaska.si\/hr\/wp-json\/wp\/v2\/product_cat?post=8031"},{"taxonomy":"product_tag","embeddable":true,"href":"https:\/\/steklarna-rogaska.si\/hr\/wp-json\/wp\/v2\/product_tag?post=8031"}],"curies":[{"name":"wp","href":"https:\/\/api.w.org\/{rel}","templated":true}]}}