{"id":8023,"date":"2020-05-08T08:17:26","date_gmt":"2020-05-08T08:17:26","guid":{"rendered":"https:\/\/steklarna-rogaska.si\/product\/bellevue-casa-za-zesticu-set-6\/"},"modified":"2024-10-11T04:13:48","modified_gmt":"2024-10-11T04:13:48","slug":"bellevue-casa-za-zesticu-set-6","status":"publish","type":"product","link":"https:\/\/steklarna-rogaska.si\/hr\/proizvod\/bellevue-casa-za-zesticu-set-6\/","title":{"rendered":"BELLEVUE \u010da\u0161a za \u017eesticu &#8211; set 6"},"content":{"rendered":"<p>vi\u0161ina = 60 mm<br \/>\n\u0161irina = 20 mm<br \/>\nte\u017ea = 0,2 kg<\/p>\n","protected":false},"excerpt":{"rendered":"<p>vi\u0161ina = 60 mm \u0161irina = 20 mm te\u017ea = 0,2 kg<\/p>\n","protected":false},"featured_media":8024,"comment_status":"open","ping_status":"closed","template":"","meta":[],"product_brand":[],"product_cat":[537,1058,1060,1061],"product_tag":[604,571],"class_list":{"0":"post-8023","1":"product","2":"type-product","3":"status-publish","4":"has-post-thumbnail","6":"product_cat-pribor-za-bar","7":"product_cat-case-za-zestoka-pica-hr","8":"product_cat-case","9":"product_cat-casa-za-zestoka-pica","10":"product_tag-bellevue-hr","11":"product_tag-za-zestice","13":"first","14":"outofstock","15":"shipping-taxable","16":"purchasable","17":"product-type-simple"},"_links":{"self":[{"href":"https:\/\/steklarna-rogaska.si\/hr\/wp-json\/wp\/v2\/product\/8023","targetHints":{"allow":["GET"]}}],"collection":[{"href":"https:\/\/steklarna-rogaska.si\/hr\/wp-json\/wp\/v2\/product"}],"about":[{"href":"https:\/\/steklarna-rogaska.si\/hr\/wp-json\/wp\/v2\/types\/product"}],"replies":[{"embeddable":true,"href":"https:\/\/steklarna-rogaska.si\/hr\/wp-json\/wp\/v2\/comments?post=8023"}],"wp:featuredmedia":[{"embeddable":true,"href":"https:\/\/steklarna-rogaska.si\/hr\/wp-json\/wp\/v2\/media\/8024"}],"wp:attachment":[{"href":"https:\/\/steklarna-rogaska.si\/hr\/wp-json\/wp\/v2\/media?parent=8023"}],"wp:term":[{"taxonomy":"product_brand","embeddable":true,"href":"https:\/\/steklarna-rogaska.si\/hr\/wp-json\/wp\/v2\/product_brand?post=8023"},{"taxonomy":"product_cat","embeddable":true,"href":"https:\/\/steklarna-rogaska.si\/hr\/wp-json\/wp\/v2\/product_cat?post=8023"},{"taxonomy":"product_tag","embeddable":true,"href":"https:\/\/steklarna-rogaska.si\/hr\/wp-json\/wp\/v2\/product_tag?post=8023"}],"curies":[{"name":"wp","href":"https:\/\/api.w.org\/{rel}","templated":true}]}}